{"id":393554,"date":"2024-06-16T09:30:02","date_gmt":"2024-06-16T09:30:02","guid":{"rendered":"https:\/\/galicia.ipa-spain.org\/contacto\/"},"modified":"2025-05-13T11:01:51","modified_gmt":"2025-05-13T11:01:51","slug":"contacto","status":"publish","type":"page","link":"https:\/\/galicia.ipa-spain.org\/es\/contacto\/","title":{"rendered":"Contacto"},"content":{"rendered":"<p>[et_pb_section fb_built=\u00bb1&#8243; admin_label=\u00bbHero\u00bb _builder_version=\u00bb4.24.3&#8243; _module_preset=\u00bbdefault\u00bb use_background_color_gradient=\u00bbon\u00bb background_color_gradient_direction=\u00bb148deg\u00bb background_color_gradient_stops=\u00bb#ffffff 30%|rgba(255,255,255,0.86) 100%\u00bb background_color_gradient_overlays_image=\u00bbon\u00bb background_color_gradient_start=\u00bbrgba(0,0,0,0.5)\u00bb background_color_gradient_end=\u00bbrgba(0,0,0,0.75)\u00bb background_image=\u00bbhttps:\/\/galicia.ipa-spain.org\/wp-content\/uploads\/sites\/3\/2024\/06\/0-f4842b65-d6c4-46c0-b9f1-711ae453debd-1920&#215;1080.jpg\u00bb custom_padding=\u00bb0vw||10px||false|false\u00bb locked=\u00bboff\u00bb collapsed=\u00bbon\u00bb global_colors_info=\u00bb{}\u00bb][et_pb_row _builder_version=\u00bb4.24.2&#8243; _module_preset=\u00bb5138c454-be54-4233-bd3b-f8e6a8747976&#8243; locked=\u00bboff\u00bb global_colors_info=\u00bb{}\u00bb][et_pb_column type=\u00bb4_4&#8243; _builder_version=\u00bb4.23.1&#8243; _module_preset=\u00bb73121f80-a3ef-4484-8763-c3f18e3c56d2&#8243; global_colors_info=\u00bb{}\u00bb][et_pb_heading title=\u00bbCon\u00e9ctate con IPA Galicia\u00bb _builder_version=\u00bb4.27.4&#8243; _module_preset=\u00bbf0c675ea-2574-4d0e-b725-30f8550a8550&#8243; title_level=\u00bbh4&#8243; title_font=\u00bbArial|Arial_weight||on|||||\u00bb title_text_color=\u00bb#003566&#8243; title_font_size=\u00bb14px\u00bb title_letter_spacing=\u00bb1px\u00bb title_line_height=\u00bb1.4em\u00bb custom_margin=\u00bb||10px||false|false\u00bb hover_enabled=\u00bb0&#8243; title_font_size_tablet=\u00bb13px\u00bb title_font_size_phone=\u00bb13px\u00bb title_font_size_last_edited=\u00bbon|desktop\u00bb locked=\u00bboff\u00bb global_colors_info=\u00bb{%22#003566%22:%91%22title_text_color%22%93}\u00bb sticky_enabled=\u00bb0&#8243;][\/et_pb_heading][et_pb_heading title=\u00bbTu Puerta a la Cooperaci\u00f3n Internacional\u00bb _builder_version=\u00bb4.27.4&#8243; _module_preset=\u00bbddeb8c09-9078-4424-bc15-2efb6572e28e\u00bb title_font=\u00bbArial|Arial_weight|||||||\u00bb title_text_color=\u00bb#0e0c19&#8243; title_font_size=\u00bb72px\u00bb title_line_height=\u00bb1.15em\u00bb hover_enabled=\u00bb0&#8243; title_font_size_tablet=\u00bb40px\u00bb title_font_size_phone=\u00bb24px\u00bb title_font_size_last_edited=\u00bbon|phone\u00bb locked=\u00bboff\u00bb global_colors_info=\u00bb{}\u00bb sticky_enabled=\u00bb0&#8243;][\/et_pb_heading][et_pb_text quote_border_color=\u00bb#ffc300&#8243; _builder_version=\u00bb4.27.4&#8243; _module_preset=\u00bb2c55a9c4-feed-423b-9edb-ae0b5b365cac\u00bb text_font=\u00bbArial|Arial_weight|||||||\u00bb text_text_color=\u00bb#3c3a47&#8243; text_line_height=\u00bb1.75em\u00bb link_font=\u00bb|Arial_weight|||||||\u00bb link_text_color=\u00bb#003566&#8243; quote_font=\u00bbArial|Arial_weight|||||||\u00bb quote_text_color=\u00bb#0e0c19&#8243; header_font=\u00bbArial|Arial_weight|||||||\u00bb header_text_color=\u00bb#0e0c19&#8243; header_font_size=\u00bb72px\u00bb header_line_height=\u00bb1.15em\u00bb header_2_font=\u00bbArial|Arial_weight|||||||\u00bb header_2_text_color=\u00bb#0e0c19&#8243; header_2_font_size=\u00bb50px\u00bb header_2_line_height=\u00bb1.2em\u00bb header_3_font=\u00bbArial|Arial_weight|||||||\u00bb header_3_text_color=\u00bb#0e0c19&#8243; header_3_font_size=\u00bb32px\u00bb header_3_line_height=\u00bb1.3em\u00bb header_4_font=\u00bbArial|Arial_weight|||||||\u00bb header_4_text_color=\u00bb#0e0c19&#8243; header_4_font_size=\u00bb24px\u00bb header_4_line_height=\u00bb1.4em\u00bb header_5_font=\u00bbArial|Arial_weight|||||||\u00bb header_5_text_color=\u00bb#0e0c19&#8243; header_5_font_size=\u00bb18px\u00bb header_5_line_height=\u00bb1.4em\u00bb header_6_font=\u00bbArial|Arial_weight|||||||\u00bb header_6_text_color=\u00bb#0e0c19&#8243; header_6_line_height=\u00bb1.5em\u00bb custom_margin=\u00bb||||false|false\u00bb hover_enabled=\u00bb0&#8243; text_font_size_tablet=\u00bb15px\u00bb text_font_size_phone=\u00bb14px\u00bb text_font_size_last_edited=\u00bbon|phone\u00bb header_font_size_tablet=\u00bb40px\u00bb header_font_size_phone=\u00bb24px\u00bb header_font_size_last_edited=\u00bbon|desktop\u00bb header_2_font_size_tablet=\u00bb28px\u00bb header_2_font_size_phone=\u00bb20px\u00bb header_2_font_size_last_edited=\u00bbon|phone\u00bb header_3_font_size_tablet=\u00bb22px\u00bb header_3_font_size_phone=\u00bb17px\u00bb header_3_font_size_last_edited=\u00bbon|phone\u00bb header_4_font_size_tablet=\u00bb18px\u00bb header_4_font_size_phone=\u00bb15px\u00bb header_4_font_size_last_edited=\u00bbon|tablet\u00bb header_5_font_size_tablet=\u00bb15px\u00bb header_5_font_size_phone=\u00bb14px\u00bb header_5_font_size_last_edited=\u00bbon|desktop\u00bb header_6_font_size_tablet=\u00bb13px\u00bb header_6_font_size_phone=\u00bb13px\u00bb header_6_font_size_last_edited=\u00bbon|desktop\u00bb locked=\u00bboff\u00bb global_colors_info=\u00bb{}\u00bb sticky_enabled=\u00bb0&#8243;]<\/p>\n<p>Descubre c\u00f3mo IPA Galicia fomenta la amistad y la cooperaci\u00f3n entre miembros de diferentes cuerpos policiales a nivel mundial.<\/p>\n<p>[\/et_pb_text][\/et_pb_column][\/et_pb_row][\/et_pb_section][et_pb_section fb_built=\u00bb1&#8243; admin_label=\u00bbContact\u00bb _builder_version=\u00bb4.24.3&#8243; _module_preset=\u00bbdefault\u00bb background_color=\u00bb#003566&#8243; locked=\u00bboff\u00bb collapsed=\u00bboff\u00bb global_colors_info=\u00bb{%22#003566%22:%91%22background_color%22%93}\u00bb][et_pb_row column_structure=\u00bb1_2,1_2&#8243; _builder_version=\u00bb4.27.0&#8243; _module_preset=\u00bb5138c454-be54-4233-bd3b-f8e6a8747976&#8243; global_colors_info=\u00bb{}\u00bb][et_pb_column type=\u00bb1_2&#8243; _builder_version=\u00bb4.16&#8243; _module_preset=\u00bb73121f80-a3ef-4484-8763-c3f18e3c56d2&#8243; global_colors_info=\u00bb{}\u00bb][et_pb_heading title=\u00bbInformaci\u00f3n de Contacto\u00bb _builder_version=\u00bb4.27.4&#8243; _module_preset=\u00bbc33f07d9-41e0-421a-8799-5799df695cce\u00bb title_font=\u00bbArial|Arial_weight|||||||\u00bb title_text_color=\u00bb#FFFFFF\u00bb title_font_size=\u00bb50px\u00bb title_line_height=\u00bb1.2em\u00bb custom_margin=\u00bb||10px||false|false\u00bb hover_enabled=\u00bb0&#8243; title_font_size_tablet=\u00bb28px\u00bb title_font_size_phone=\u00bb20px\u00bb title_font_size_last_edited=\u00bbon|phone\u00bb locked=\u00bboff\u00bb global_colors_info=\u00bb{}\u00bb sticky_enabled=\u00bb0&#8243;][\/et_pb_heading][et_pb_blurb title=\u00bbDirecci\u00f3n sede Galicia\u00bb use_icon=\u00bbon\u00bb font_icon=\u00bb&#xf3c5;||fa||900&#8243; icon_color=\u00bb#FFFFFF\u00bb image_icon_width=\u00bb32px\u00bb icon_alignment=\u00bbleft\u00bb content_max_width=\u00bb100%\u00bb module_class=\u00bbai_ignore_all\u00bb _builder_version=\u00bb4.27.4&#8243; _module_preset=\u00bb1d431978-603a-4044-b96b-3cc1d9396512&#8243; header_font=\u00bbArial|Arial_weight|||||||\u00bb header_text_color=\u00bb#FFFFFF\u00bb header_font_size=\u00bb18px\u00bb header_line_height=\u00bb1.4em\u00bb body_font=\u00bbArial|Arial_weight|||||||\u00bb body_text_color=\u00bb#FFFFFF\u00bb body_line_height=\u00bb1.75em\u00bb body_link_font=\u00bb||||on||||\u00bb body_link_text_color=\u00bb#FFFFFF\u00bb background_mask_style=\u00bbdiagonal\u00bb hover_enabled=\u00bb0&#8243; header_font_size_tablet=\u00bb15px\u00bb header_font_size_phone=\u00bb13px\u00bb header_font_size_last_edited=\u00bbon|phone\u00bb body_font_size_tablet=\u00bb15px\u00bb body_font_size_phone=\u00bb14px\u00bb body_font_size_last_edited=\u00bbon|desktop\u00bb border_radii_image=\u00bbon|6px|6px|6px|6px\u00bb locked=\u00bboff\u00bb global_colors_info=\u00bb{}\u00bb image_icon_background_color__hover_enabled=\u00bboff|desktop\u00bb sticky_enabled=\u00bb0&#8243;]<\/p>\n<p>c\/ M\u00e9dico Devesa Nu\u00f1ez, 4<br \/>15008 A Coru\u00f1a<\/p>\n<p>Tel\u00e9fono: <a href=\"tel:+34659729706\">659729706<\/a> &#8211; <a href=\"tel:+34659729684\">659729684<\/a><\/p>\n<p>[\/et_pb_blurb][et_pb_blurb use_icon=\u00bbon\u00bb font_icon=\u00bb&#xf0e0;||fa||900&#8243; icon_color=\u00bb#FFFFFF\u00bb image_icon_width=\u00bb32px\u00bb icon_alignment=\u00bbleft\u00bb content_max_width=\u00bb100%\u00bb module_class=\u00bbai_ignore_all\u00bb _builder_version=\u00bb4.27.4&#8243; _module_preset=\u00bb1d431978-603a-4044-b96b-3cc1d9396512&#8243; header_font=\u00bbArial|Arial_weight|||||||\u00bb header_text_color=\u00bb#FFFFFF\u00bb header_font_size=\u00bb18px\u00bb header_line_height=\u00bb1.4em\u00bb body_font=\u00bbArial|Arial_weight|||||||\u00bb body_text_color=\u00bb#FFFFFF\u00bb body_line_height=\u00bb1.75em\u00bb body_link_font=\u00bb||||on||||\u00bb body_link_text_color=\u00bb#FFFFFF\u00bb background_mask_style=\u00bbdiagonal\u00bb header_font_size_tablet=\u00bb15px\u00bb header_font_size_phone=\u00bb13px\u00bb header_font_size_last_edited=\u00bbon|phone\u00bb body_font_size_tablet=\u00bb15px\u00bb body_font_size_phone=\u00bb14px\u00bb body_font_size_last_edited=\u00bbon|desktop\u00bb border_radii_image=\u00bbon|6px|6px|6px|6px\u00bb locked=\u00bboff\u00bb global_colors_info=\u00bb{}\u00bb image_icon_background_color__hover_enabled=\u00bboff|desktop\u00bb]Email: <a href=\"mailto:galicia@ipaespana.org\">galicia@ipaespana.org<\/a>[\/et_pb_blurb][\/et_pb_column][et_pb_column type=\u00bb1_2&#8243; _builder_version=\u00bb4.24.3&#8243; _module_preset=\u00bb50607da8-57bc-4d4b-aaef-f02e41c2cc4a\u00bb background_color=\u00bb#FFFFFF\u00bb custom_padding=\u00bb30px|30px|30px|30px|true|true\u00bb custom_padding_tablet=\u00bb30px|30px|30px|30px|true|true\u00bb custom_padding_phone=\u00bb20px|20px|20px|20px|false|true\u00bb custom_padding_last_edited=\u00bbon|phone\u00bb border_radii=\u00bbon|6px|6px|6px|6px\u00bb box_shadow_style=\u00bbpreset1&#8243; box_shadow_vertical=\u00bb24px\u00bb box_shadow_blur=\u00bb72px\u00bb box_shadow_spread=\u00bb-12px\u00bb box_shadow_color=\u00bbrgba(0,0,0,0.12)\u00bb global_colors_info=\u00bb{}\u00bb][et_pb_contact_form captcha=\u00bboff\u00bb _builder_version=\u00bb4.27.0&#8243; _module_preset=\u00bb347de7c5-8eec-4fb2-89ad-e07c220a4ead\u00bb _unique_id=\u00bb653e01dd-6bd4-4e62-b530-40e83ea72455&#8243; form_field_background_color=\u00bbRGBA(255,255,255,0)\u00bb form_field_text_color=\u00bb#3c3a47&#8243; form_field_custom_margin=\u00bb||20px||false|false\u00bb form_field_custom_padding=\u00bb18px||18px||true|false\u00bb title_font=\u00bbArial|Arial_weight|||||||\u00bb title_text_color=\u00bb#0e0c19&#8243; title_font_size=\u00bb50px\u00bb title_line_height=\u00bb1.2em\u00bb captcha_font=\u00bbArial|Arial_weight|||||||\u00bb form_field_font=\u00bbArial|Arial_weight|||||||\u00bb form_field_font_size=\u00bb16px\u00bb custom_button=\u00bbon\u00bb button_text_size=\u00bb14px\u00bb button_text_color=\u00bb#FFFFFF\u00bb button_bg_color=\u00bb#003566&#8243; button_border_width=\u00bb0px\u00bb button_border_radius=\u00bb3px\u00bb button_font=\u00bbArial|700|||||||\u00bb button_custom_margin=\u00bb10px||||false|false\u00bb button_custom_padding=\u00bb8px|40px|8px|40px|true|true\u00bb title_font_size_tablet=\u00bb28px\u00bb title_font_size_phone=\u00bb20px\u00bb title_font_size_last_edited=\u00bbon|desktop\u00bb border_radii=\u00bbon|6px|6px|6px|6px\u00bb border_width_all=\u00bb2px\u00bb border_color_all=\u00bbrgba(0,0,0,0.08)\u00bb locked=\u00bboff\u00bb global_colors_info=\u00bb{}\u00bb button_bg_color__hover_enabled=\u00bbon|hover\u00bb button_bg_color__hover=\u00bb#0c71c3&#8243; button_bg_enable_color__hover=\u00bbon\u00bb][et_pb_contact_field field_id=\u00bbName\u00bb field_title=\u00bbNombre\u00bb fullwidth_field=\u00bbon\u00bb _builder_version=\u00bb4.25.1&#8243; _module_preset=\u00bbdefault\u00bb global_colors_info=\u00bb{}\u00bb button_text_size__hover_enabled=\u00bboff\u00bb button_one_text_size__hover_enabled=\u00bboff\u00bb button_two_text_size__hover_enabled=\u00bboff\u00bb button_text_color__hover_enabled=\u00bboff\u00bb button_one_text_color__hover_enabled=\u00bboff\u00bb button_two_text_color__hover_enabled=\u00bboff\u00bb button_border_width__hover_enabled=\u00bboff\u00bb button_one_border_width__hover_enabled=\u00bboff\u00bb button_two_border_width__hover_enabled=\u00bboff\u00bb button_border_color__hover_enabled=\u00bboff\u00bb button_one_border_color__hover_enabled=\u00bboff\u00bb button_two_border_color__hover_enabled=\u00bboff\u00bb button_border_radius__hover_enabled=\u00bboff\u00bb button_one_border_radius__hover_enabled=\u00bboff\u00bb button_two_border_radius__hover_enabled=\u00bboff\u00bb button_letter_spacing__hover_enabled=\u00bboff\u00bb button_one_letter_spacing__hover_enabled=\u00bboff\u00bb button_two_letter_spacing__hover_enabled=\u00bboff\u00bb button_bg_color__hover_enabled=\u00bboff\u00bb button_one_bg_color__hover_enabled=\u00bboff\u00bb button_two_bg_color__hover_enabled=\u00bboff\u00bb][\/et_pb_contact_field][et_pb_contact_field field_id=\u00bbEmail\u00bb field_title=\u00bbE-mail\u00bb field_type=\u00bbemail\u00bb fullwidth_field=\u00bbon\u00bb _builder_version=\u00bb4.25.1&#8243; _module_preset=\u00bbdefault\u00bb global_colors_info=\u00bb{}\u00bb button_text_size__hover_enabled=\u00bboff\u00bb button_one_text_size__hover_enabled=\u00bboff\u00bb button_two_text_size__hover_enabled=\u00bboff\u00bb button_text_color__hover_enabled=\u00bboff\u00bb button_one_text_color__hover_enabled=\u00bboff\u00bb button_two_text_color__hover_enabled=\u00bboff\u00bb button_border_width__hover_enabled=\u00bboff\u00bb button_one_border_width__hover_enabled=\u00bboff\u00bb button_two_border_width__hover_enabled=\u00bboff\u00bb button_border_color__hover_enabled=\u00bboff\u00bb button_one_border_color__hover_enabled=\u00bboff\u00bb button_two_border_color__hover_enabled=\u00bboff\u00bb button_border_radius__hover_enabled=\u00bboff\u00bb button_one_border_radius__hover_enabled=\u00bboff\u00bb button_two_border_radius__hover_enabled=\u00bboff\u00bb button_letter_spacing__hover_enabled=\u00bboff\u00bb button_one_letter_spacing__hover_enabled=\u00bboff\u00bb button_two_letter_spacing__hover_enabled=\u00bboff\u00bb button_bg_color__hover_enabled=\u00bboff\u00bb button_one_bg_color__hover_enabled=\u00bboff\u00bb button_two_bg_color__hover_enabled=\u00bboff\u00bb][\/et_pb_contact_field][et_pb_contact_field field_id=\u00bbMessage\u00bb field_title=\u00bbMensaje\u00bb field_type=\u00bbtext\u00bb fullwidth_field=\u00bbon\u00bb _builder_version=\u00bb4.25.1&#8243; _module_preset=\u00bbdefault\u00bb custom_margin=\u00bb||20px||false|false\u00bb global_colors_info=\u00bb{}\u00bb button_text_size__hover_enabled=\u00bboff\u00bb button_one_text_size__hover_enabled=\u00bboff\u00bb button_two_text_size__hover_enabled=\u00bboff\u00bb button_text_color__hover_enabled=\u00bboff\u00bb button_one_text_color__hover_enabled=\u00bboff\u00bb button_two_text_color__hover_enabled=\u00bboff\u00bb button_border_width__hover_enabled=\u00bboff\u00bb button_one_border_width__hover_enabled=\u00bboff\u00bb button_two_border_width__hover_enabled=\u00bboff\u00bb button_border_color__hover_enabled=\u00bboff\u00bb button_one_border_color__hover_enabled=\u00bboff\u00bb button_two_border_color__hover_enabled=\u00bboff\u00bb button_border_radius__hover_enabled=\u00bboff\u00bb button_one_border_radius__hover_enabled=\u00bboff\u00bb button_two_border_radius__hover_enabled=\u00bboff\u00bb button_letter_spacing__hover_enabled=\u00bboff\u00bb button_one_letter_spacing__hover_enabled=\u00bboff\u00bb button_two_letter_spacing__hover_enabled=\u00bboff\u00bb button_bg_color__hover_enabled=\u00bboff\u00bb button_one_bg_color__hover_enabled=\u00bboff\u00bb button_two_bg_color__hover_enabled=\u00bboff\u00bb][\/et_pb_contact_field][\/et_pb_contact_form][\/et_pb_column][\/et_pb_row][\/et_pb_section][et_pb_section fb_built=\u00bb1&#8243; admin_label=\u00bbSocial Media\u00bb _builder_version=\u00bb4.18.0&#8243; _module_preset=\u00bbdefault\u00bb collapsed=\u00bbon\u00bb global_colors_info=\u00bb{}\u00bb][et_pb_row _builder_version=\u00bb4.18.0&#8243; _module_preset=\u00bb5138c454-be54-4233-bd3b-f8e6a8747976&#8243; global_colors_info=\u00bb{}\u00bb][et_pb_column type=\u00bb4_4&#8243; _builder_version=\u00bb4.18.0&#8243; _module_preset=\u00bb73121f80-a3ef-4484-8763-c3f18e3c56d2&#8243; global_colors_info=\u00bb{}\u00bb][et_pb_heading title=\u00bbS\u00edguenos en Redes Sociales\u00bb _builder_version=\u00bb4.27.4&#8243; _module_preset=\u00bbc33f07d9-41e0-421a-8799-5799df695cce\u00bb title_level=\u00bbh2&#8243; title_font=\u00bbArial|Arial_weight|||||||\u00bb title_text_color=\u00bb#0e0c19&#8243; title_font_size=\u00bb50px\u00bb title_line_height=\u00bb1.2em\u00bb custom_margin=\u00bb||10px||false|false\u00bb hover_enabled=\u00bb0&#8243; title_font_size_tablet=\u00bb28px\u00bb title_font_size_phone=\u00bb20px\u00bb title_font_size_last_edited=\u00bbon|phone\u00bb locked=\u00bboff\u00bb global_colors_info=\u00bb{}\u00bb sticky_enabled=\u00bb0&#8243;][\/et_pb_heading][\/et_pb_column][\/et_pb_row][et_pb_row column_structure=\u00bb1_4,1_4,1_4,1_4&#8243; _builder_version=\u00bb4.18.0&#8243; _module_preset=\u00bb5138c454-be54-4233-bd3b-f8e6a8747976&#8243; global_colors_info=\u00bb{}\u00bb][et_pb_column type=\u00bb1_4&#8243; _builder_version=\u00bb4.18.0&#8243; _module_preset=\u00bb73121f80-a3ef-4484-8763-c3f18e3c56d2&#8243; global_colors_info=\u00bb{}\u00bb][et_pb_blurb title=\u00bbFacebook\u00bb url=\u00bbhttps:\/\/www.facebook.com\/ipaespana\/\u00bb url_new_window=\u00bbon\u00bb use_icon=\u00bbon\u00bb font_icon=\u00bb&#xf39e;||fa||400&#8243; icon_placement=\u00bbleft\u00bb image_icon_width=\u00bb24px\u00bb content_max_width=\u00bb100%\u00bb module_class=\u00bbai_ignore_all\u00bb _builder_version=\u00bb4.27.0&#8243; _module_preset=\u00bb1ea53d41-9439-472c-8d8b-7bddb3bf9444&#8243; header_font=\u00bbArial|Arial_weight|||||||\u00bb header_text_color=\u00bb#0e0c19&#8243; header_font_size=\u00bb14px\u00bb header_line_height=\u00bb1.5em\u00bb body_font=\u00bbArial|Arial_weight|||||||\u00bb body_text_color=\u00bb#3c3a47&#8243; body_line_height=\u00bb1.75em\u00bb body_link_text_color=\u00bb#003566&#8243; animation=\u00bboff\u00bb link_option_url=\u00bbhttps:\/\/www.facebook.com\/ipaespana\/\u00bb link_option_url_new_window=\u00bbon\u00bb header_font_size_tablet=\u00bb13px\u00bb header_font_size_phone=\u00bb13px\u00bb header_font_size_last_edited=\u00bboff|desktop\u00bb body_font_size_tablet=\u00bb15px\u00bb body_font_size_phone=\u00bb14px\u00bb body_font_size_last_edited=\u00bboff|desktop\u00bb border_radii_image=\u00bbon|6px|6px|6px|6px\u00bb global_colors_info=\u00bb{}\u00bb][\/et_pb_blurb][\/et_pb_column][et_pb_column type=\u00bb1_4&#8243; _builder_version=\u00bb4.18.0&#8243; _module_preset=\u00bb73121f80-a3ef-4484-8763-c3f18e3c56d2&#8243; global_colors_info=\u00bb{}\u00bb][et_pb_blurb title=\u00bbTwitter\u00bb use_icon=\u00bbon\u00bb font_icon=\u00bb&#xe094;||divi||400&#8243; icon_placement=\u00bbleft\u00bb image_icon_width=\u00bb24px\u00bb content_max_width=\u00bb100%\u00bb module_class=\u00bbai_ignore_all\u00bb _builder_version=\u00bb4.27.0&#8243; _module_preset=\u00bb1ea53d41-9439-472c-8d8b-7bddb3bf9444&#8243; header_font=\u00bbArial|Arial_weight|||||||\u00bb header_text_color=\u00bb#0e0c19&#8243; header_font_size=\u00bb14px\u00bb header_line_height=\u00bb1.5em\u00bb body_font=\u00bbArial|Arial_weight|||||||\u00bb body_text_color=\u00bb#3c3a47&#8243; body_line_height=\u00bb1.75em\u00bb body_link_text_color=\u00bb#003566&#8243; animation=\u00bboff\u00bb header_font_size_tablet=\u00bb13px\u00bb header_font_size_phone=\u00bb13px\u00bb header_font_size_last_edited=\u00bboff|desktop\u00bb body_font_size_tablet=\u00bb15px\u00bb body_font_size_phone=\u00bb14px\u00bb body_font_size_last_edited=\u00bboff|desktop\u00bb border_radii_image=\u00bbon|6px|6px|6px|6px\u00bb locked=\u00bboff\u00bb global_colors_info=\u00bb{}\u00bb][\/et_pb_blurb][\/et_pb_column][et_pb_column type=\u00bb1_4&#8243; _builder_version=\u00bb4.18.0&#8243; _module_preset=\u00bb73121f80-a3ef-4484-8763-c3f18e3c56d2&#8243; global_colors_info=\u00bb{}\u00bb][et_pb_blurb title=\u00bbInstagram\u00bb use_icon=\u00bbon\u00bb font_icon=\u00bb&#xe0c8;||divi||400&#8243; icon_placement=\u00bbleft\u00bb image_icon_width=\u00bb24px\u00bb content_max_width=\u00bb100%\u00bb module_class=\u00bbai_ignore_all\u00bb _builder_version=\u00bb4.27.0&#8243; _module_preset=\u00bb1ea53d41-9439-472c-8d8b-7bddb3bf9444&#8243; header_font=\u00bbArial|Arial_weight|||||||\u00bb header_text_color=\u00bb#0e0c19&#8243; header_font_size=\u00bb14px\u00bb header_line_height=\u00bb1.5em\u00bb body_font=\u00bbArial|Arial_weight|||||||\u00bb body_text_color=\u00bb#3c3a47&#8243; body_line_height=\u00bb1.75em\u00bb body_link_text_color=\u00bb#003566&#8243; animation=\u00bboff\u00bb header_font_size_tablet=\u00bb13px\u00bb header_font_size_phone=\u00bb13px\u00bb header_font_size_last_edited=\u00bboff|desktop\u00bb body_font_size_tablet=\u00bb15px\u00bb body_font_size_phone=\u00bb14px\u00bb body_font_size_last_edited=\u00bboff|desktop\u00bb border_radii_image=\u00bbon|6px|6px|6px|6px\u00bb locked=\u00bboff\u00bb global_colors_info=\u00bb{}\u00bb][\/et_pb_blurb][\/et_pb_column][et_pb_column type=\u00bb1_4&#8243; _builder_version=\u00bb4.18.0&#8243; _module_preset=\u00bb73121f80-a3ef-4484-8763-c3f18e3c56d2&#8243; global_colors_info=\u00bb{}\u00bb][\/et_pb_column][\/et_pb_row][\/et_pb_section]<\/p>\n","protected":false},"excerpt":{"rendered":"<p>Descubre c\u00f3mo IPA Galicia fomenta la amistad y la cooperaci\u00f3n entre miembros de diferentes cuerpos policiales a nivel mundial.c\/ M\u00e9dico Devesa Nu\u00f1ez, 415008 A Coru\u00f1a Tel\u00e9fono: 659729706 &#8211; 659729684Email: galicia@ipaespana.org<\/p>\n","protected":false},"author":1,"featured_media":0,"parent":0,"menu_order":0,"comment_status":"closed","ping_status":"closed","template":"","meta":{"_et_pb_use_builder":"on","_et_pb_old_content":"","_et_gb_content_width":"","footnotes":""},"class_list":["post-393554","page","type-page","status-publish","hentry"],"_links":{"self":[{"href":"https:\/\/galicia.ipa-spain.org\/es\/wp-json\/wp\/v2\/pages\/393554","targetHints":{"allow":["GET"]}}],"collection":[{"href":"https:\/\/galicia.ipa-spain.org\/es\/wp-json\/wp\/v2\/pages"}],"about":[{"href":"https:\/\/galicia.ipa-spain.org\/es\/wp-json\/wp\/v2\/types\/page"}],"author":[{"embeddable":true,"href":"https:\/\/galicia.ipa-spain.org\/es\/wp-json\/wp\/v2\/users\/1"}],"replies":[{"embeddable":true,"href":"https:\/\/galicia.ipa-spain.org\/es\/wp-json\/wp\/v2\/comments?post=393554"}],"version-history":[{"count":4,"href":"https:\/\/galicia.ipa-spain.org\/es\/wp-json\/wp\/v2\/pages\/393554\/revisions"}],"predecessor-version":[{"id":393729,"href":"https:\/\/galicia.ipa-spain.org\/es\/wp-json\/wp\/v2\/pages\/393554\/revisions\/393729"}],"wp:attachment":[{"href":"https:\/\/galicia.ipa-spain.org\/es\/wp-json\/wp\/v2\/media?parent=393554"}],"curies":[{"name":"wp","href":"https:\/\/api.w.org\/{rel}","templated":true}]}}