{"id":393538,"date":"2024-06-30T11:06:43","date_gmt":"2024-06-30T11:06:43","guid":{"rendered":"https:\/\/galicia.ipa-spain.org\/manual-de-imaxe-corporativa\/"},"modified":"2024-11-10T10:24:56","modified_gmt":"2024-11-10T10:24:56","slug":"manual-de-imagen-corporativa","status":"publish","type":"page","link":"https:\/\/galicia.ipa-spain.org\/es\/manual-de-imagen-corporativa\/","title":{"rendered":"Manual de imagen corporativa"},"content":{"rendered":"<p>[et_pb_section fb_built=\u00bb1&#8243; admin_label=\u00bbHeader\u00bb _builder_version=\u00bb4.27.0&#8243; background_color=\u00bb#0c71c3&#8243; use_background_color_gradient=\u00bbon\u00bb background_color_gradient_stops=\u00bbrgba(0,0,0,0.5) 0%|rgba(0,0,0,0.5) 100%\u00bb background_color_gradient_overlays_image=\u00bbon\u00bb background_color_gradient_start=\u00bbrgba(0,0,0,0.5)\u00bb background_color_gradient_end=\u00bbrgba(0,0,0,0.5)\u00bb background_enable_image=\u00bboff\u00bb custom_padding=\u00bb||||false|false\u00bb bottom_divider_height=\u00bb16px\u00bb global_colors_info=\u00bb{}\u00bb theme_builder_area=\u00bbpost_content\u00bb][et_pb_row _builder_version=\u00bb4.27.0&#8243; global_colors_info=\u00bb{}\u00bb theme_builder_area=\u00bbpost_content\u00bb][et_pb_column type=\u00bb4_4&#8243; _builder_version=\u00bb4.16&#8243; global_colors_info=\u00bb{}\u00bb theme_builder_area=\u00bbpost_content\u00bb][et_pb_text _builder_version=\u00bb4.27.0&#8243; header_font=\u00bbKanit|500|||||||\u00bb header_font_size=\u00bb2vw\u00bb header_line_height=\u00bb1.1em\u00bb background_layout=\u00bbdark\u00bb module_alignment=\u00bbcenter\u00bb header_text_align_tablet=\u00bb\u00bb header_text_align_phone=\u00bbcenter\u00bb header_text_align_last_edited=\u00bbon|phone\u00bb header_font_size_tablet=\u00bb42px\u00bb header_font_size_phone=\u00bb36px\u00bb header_font_size_last_edited=\u00bbon|desktop\u00bb locked=\u00bboff\u00bb global_colors_info=\u00bb{}\u00bb theme_builder_area=\u00bbpost_content\u00bb]<\/p>\n<h1>Manual de imagen corporativa<\/h1>\n<p>[\/et_pb_text][\/et_pb_column][\/et_pb_row][\/et_pb_section][et_pb_section fb_built=\u00bb1&#8243; _builder_version=\u00bb4.25.2&#8243; _module_preset=\u00bbdefault\u00bb global_colors_info=\u00bb{}\u00bb theme_builder_area=\u00bbpost_content\u00bb][et_pb_row column_structure=\u00bb1_2,1_2&#8243; _builder_version=\u00bb4.27.2&#8243; _module_preset=\u00bbdefault\u00bb border_width_bottom=\u00bb1px\u00bb border_color_bottom=\u00bb#000000&#8243; global_colors_info=\u00bb{}\u00bb theme_builder_area=\u00bbpost_content\u00bb][et_pb_column type=\u00bb1_2&#8243; _builder_version=\u00bb4.27.2&#8243; _module_preset=\u00bbdefault\u00bb global_colors_info=\u00bb{}\u00bb theme_builder_area=\u00bbpost_content\u00bb][et_pb_text _builder_version=\u00bb4.27.0&#8243; _module_preset=\u00bbdefault\u00bb global_colors_info=\u00bb{}\u00bb theme_builder_area=\u00bbpost_content\u00bb]El logotipo de la Asociaci\u00f3n Internacional de Polic\u00eda es la pieza central de la identidad de nuestra organizaci\u00f3n y se ha mantenido relativamente sin cambios desde que se fund\u00f3 la API en 1950. La versi\u00f3n original del logotipo fue dibujada a mano por el fundador de la API, Arthur Troop, en 1950, y aunque Aunque se hab\u00eda establecido bien durante los primeros a\u00f1os de la asociaci\u00f3n, no fue adoptado como emblema oficial de la IPA hasta el primer Congreso Mundial en Par\u00eds, Francia, en 1955, donde se debati\u00f3 m\u00e1s a fondo que cualquier otro tema de la agenda.<\/p>\n<p>Arthur Troop prest\u00f3 inmensa atenci\u00f3n a los detalles cuando dise\u00f1\u00f3 el logotipo de la IPA, ya que necesitaba asegurarse de que cada elemento representara con precisi\u00f3n lo que representa la IPA y cu\u00e1les son sus objetivos como organizaci\u00f3n de amistad internacional. El globo central muestra el alcance mundial de la asociaci\u00f3n y la unidad de los agentes de polic\u00eda de todo el mundo. La estrella de ocho puntas se utiliza como fondo para la mayor\u00eda de las insignias de cascos de polic\u00eda en el Reino Unido. El efecto se completa con los rollos de laurel a ambos lados de la insignia, con el pergamino en la base que muestra el lema de IPA. El lenguaje del lema de la asociaci\u00f3n fue muy debatido durante el Congreso Mundial de 1955, pero finalmente Arthur Troop decidi\u00f3 contactar a Bob Hamilton, miembro de la API y experto en el idioma internacional del esperanto, quien tradujo el lema que ha permanecido igual desde entonces. El lema elegido para la asociaci\u00f3n fue &#8216;Servo per Amikeco&#8217;, y se traduce directamente al ingl\u00e9s como &#8216;Servicio a trav\u00e9s de la amistad&#8217;.[\/et_pb_text][\/et_pb_column][et_pb_column type=\u00bb1_2&#8243; _builder_version=\u00bb4.27.2&#8243; _module_preset=\u00bbdefault\u00bb global_colors_info=\u00bb{}\u00bb theme_builder_area=\u00bbpost_content\u00bb][et_pb_image src=\u00bbhttps:\/\/galicia.ipa-spain.org\/wp-content\/uploads\/sites\/3\/2024\/08\/originallogo.png\u00bb title_text=\u00bboriginallogo\u00bb align=\u00bbcenter\u00bb _builder_version=\u00bb4.27.2&#8243; _module_preset=\u00bbdefault\u00bb width=\u00bb50%\u00bb global_colors_info=\u00bb{}\u00bb theme_builder_area=\u00bbpost_content\u00bb][\/et_pb_image][et_pb_text _builder_version=\u00bb4.27.0&#8243; _module_preset=\u00bbdefault\u00bb global_colors_info=\u00bb{}\u00bb theme_builder_area=\u00bbpost_content\u00bb]<\/p>\n<p style=\"text-align: center;\">Dibujo original de Arthur Troop del logotipo de IPA<\/p>\n<p>[\/et_pb_text][\/et_pb_column][\/et_pb_row][et_pb_row column_structure=\u00bb1_2,1_2&#8243; _builder_version=\u00bb4.27.2&#8243; _module_preset=\u00bbdefault\u00bb border_width_bottom=\u00bb1px\u00bb global_colors_info=\u00bb{}\u00bb theme_builder_area=\u00bbpost_content\u00bb][et_pb_column type=\u00bb1_2&#8243; _builder_version=\u00bb4.27.2&#8243; _module_preset=\u00bbdefault\u00bb global_colors_info=\u00bb{}\u00bb theme_builder_area=\u00bbpost_content\u00bb][et_pb_text _builder_version=\u00bb4.27.0&#8243; _module_preset=\u00bbdefault\u00bb global_colors_info=\u00bb{}\u00bb theme_builder_area=\u00bbpost_content\u00bb]En 1959, se desarroll\u00f3 el emblema de estilo redondo de la IPA que se utilizar\u00eda como insignia de solapa. El emblema circular fue adoptado y destinado a fines de exhibici\u00f3n, mientras que el logotipo en forma de corona se utiliz\u00f3 para la documentaci\u00f3n oficial.[\/et_pb_text][\/et_pb_column][et_pb_column type=\u00bb1_2&#8243; _builder_version=\u00bb4.27.2&#8243; _module_preset=\u00bbdefault\u00bb global_colors_info=\u00bb{}\u00bb theme_builder_area=\u00bbpost_content\u00bb][et_pb_image src=\u00bbhttps:\/\/galicia.ipa-spain.org\/wp-content\/uploads\/sites\/3\/2024\/08\/roundel.png\u00bb title_text=\u00bbroundel\u00bb align=\u00bbcenter\u00bb _builder_version=\u00bb4.27.2&#8243; _module_preset=\u00bbdefault\u00bb width=\u00bb50%\u00bb global_colors_info=\u00bb{}\u00bb theme_builder_area=\u00bbpost_content\u00bb][\/et_pb_image][et_pb_text _builder_version=\u00bb4.27.0&#8243; _module_preset=\u00bbdefault\u00bb global_colors_info=\u00bb{}\u00bb theme_builder_area=\u00bbpost_content\u00bb]<\/p>\n<p style=\"text-align: center;\">En los \u00faltimos a\u00f1os, los logotipos de la IPA se modernizaron a esta conocida versi\u00f3n.<\/p>\n<p>[\/et_pb_text][\/et_pb_column][\/et_pb_row][et_pb_row column_structure=\u00bb1_2,1_2&#8243; _builder_version=\u00bb4.27.2&#8243; _module_preset=\u00bbdefault\u00bb border_width_bottom=\u00bb1px\u00bb global_colors_info=\u00bb{}\u00bb theme_builder_area=\u00bbpost_content\u00bb][et_pb_column type=\u00bb1_2&#8243; _builder_version=\u00bb4.27.2&#8243; _module_preset=\u00bbdefault\u00bb global_colors_info=\u00bb{}\u00bb theme_builder_area=\u00bbpost_content\u00bb][et_pb_text _builder_version=\u00bb4.27.0&#8243; _module_preset=\u00bbdefault\u00bb global_colors_info=\u00bb{}\u00bb theme_builder_area=\u00bbpost_content\u00bb]Despu\u00e9s del congreso mundial de 2022, los delegados adoptaron estas \u00faltimas versiones para utilizarlas en todas las Secciones Nacionales de la IPA. Aunque pueden parecer ligeramente diferentes en comparaci\u00f3n con las versiones originales, sus elementos centrales se han conservado y, hasta el d\u00eda de hoy, casi 70 a\u00f1os despu\u00e9s, nuestro lema sigue siendo el mismo: Servo per Amikeco.[\/et_pb_text][\/et_pb_column][et_pb_column type=\u00bb1_2&#8243; _builder_version=\u00bb4.27.2&#8243; _module_preset=\u00bbdefault\u00bb global_colors_info=\u00bb{}\u00bb theme_builder_area=\u00bbpost_content\u00bb][et_pb_image src=\u00bbhttps:\/\/galicia.ipa-spain.org\/wp-content\/uploads\/sites\/3\/2024\/08\/Old_logo.jpg\u00bb title_text=\u00bbOld_logo\u00bb align=\u00bbcenter\u00bb _builder_version=\u00bb4.27.2&#8243; _module_preset=\u00bbdefault\u00bb width=\u00bb50%\u00bb global_colors_info=\u00bb{}\u00bb theme_builder_area=\u00bbpost_content\u00bb][\/et_pb_image][et_pb_text _builder_version=\u00bb4.27.0&#8243; _module_preset=\u00bbdefault\u00bb global_colors_info=\u00bb{}\u00bb theme_builder_area=\u00bbpost_content\u00bb]<\/p>\n<p style=\"text-align: center;\">Logotipo del emblema de la API<\/p>\n<p>[\/et_pb_text][\/et_pb_column][\/et_pb_row][et_pb_row column_structure=\u00bb1_2,1_2&#8243; _builder_version=\u00bb4.27.0&#8243; _module_preset=\u00bbdefault\u00bb global_colors_info=\u00bb{}\u00bb theme_builder_area=\u00bbpost_content\u00bb][et_pb_column type=\u00bb1_2&#8243; _builder_version=\u00bb4.27.0&#8243; _module_preset=\u00bbdefault\u00bb global_colors_info=\u00bb{}\u00bb theme_builder_area=\u00bbpost_content\u00bb][et_pb_image src=\u00bbhttps:\/\/galicia.ipa-spain.org\/wp-content\/uploads\/sites\/3\/2024\/08\/IPA_Emblem_RGB_72dpi-1.jpg\u00bb title_text=\u00bbIPA_Emblem_RGB_72dpi (1)\u00bb align=\u00bbcenter\u00bb _builder_version=\u00bb4.27.0&#8243; _module_preset=\u00bbdefault\u00bb width=\u00bb50%\u00bb global_colors_info=\u00bb{}\u00bb theme_builder_area=\u00bbpost_content\u00bb][\/et_pb_image][et_pb_text _builder_version=\u00bb4.27.0&#8243; _module_preset=\u00bbdefault\u00bb global_colors_info=\u00bb{}\u00bb theme_builder_area=\u00bbpost_content\u00bb]<\/p>\n<p style=\"text-align: center;\">Revisi\u00f3n moderna del logotipo de IPA.<\/p>\n<p>[\/et_pb_text][\/et_pb_column][et_pb_column type=\u00bb1_2&#8243; _builder_version=\u00bb4.27.0&#8243; _module_preset=\u00bbdefault\u00bb global_colors_info=\u00bb{}\u00bb theme_builder_area=\u00bbpost_content\u00bb][et_pb_image src=\u00bbhttps:\/\/galicia.ipa-spain.org\/wp-content\/uploads\/sites\/3\/2024\/08\/IPA_RoundelBadge_RGB_72dpi.jpg\u00bb title_text=\u00bbIPA_RoundelBadge_RGB_72dpi\u00bb align=\u00bbcenter\u00bb _builder_version=\u00bb4.27.0&#8243; _module_preset=\u00bbdefault\u00bb width=\u00bb50%\u00bb global_colors_info=\u00bb{}\u00bb theme_builder_area=\u00bbpost_content\u00bb][\/et_pb_image][et_pb_text _builder_version=\u00bb4.27.0&#8243; _module_preset=\u00bbdefault\u00bb global_colors_info=\u00bb{}\u00bb theme_builder_area=\u00bbpost_content\u00bb]<\/p>\n<p style=\"text-align: center;\">Revisi\u00f3n moderna de la ronda IPA<\/p>\n<p>[\/et_pb_text][\/et_pb_column][\/et_pb_row][et_pb_row _builder_version=\u00bb4.27.0&#8243; _module_preset=\u00bbdefault\u00bb global_colors_info=\u00bb{}\u00bb theme_builder_area=\u00bbpost_content\u00bb][et_pb_column type=\u00bb4_4&#8243; _builder_version=\u00bb4.27.0&#8243; _module_preset=\u00bbdefault\u00bb global_colors_info=\u00bb{}\u00bb theme_builder_area=\u00bbpost_content\u00bb][et_pb_text _builder_version=\u00bb4.27.0&#8243; _module_preset=\u00bbdefault\u00bb global_colors_info=\u00bb{}\u00bb theme_builder_area=\u00bbpost_content\u00bb]<\/p>\n<p style=\"text-align: center;\"><strong>Los logotipos de IPA son marcas registradas y su uso se rige por el art. 9 de las Reglas Internacionales.<\/strong><\/p>\n<p>[\/et_pb_text][\/et_pb_column][\/et_pb_row][\/et_pb_section]<\/p>\n","protected":false},"excerpt":{"rendered":"<p>Manual de imagen corporativaEl logotipo de la Asociaci\u00f3n Internacional de Polic\u00eda es la pieza central de la identidad de nuestra organizaci\u00f3n y se ha mantenido relativamente sin cambios desde que [&hellip;]<\/p>\n","protected":false},"author":1,"featured_media":0,"parent":0,"menu_order":0,"comment_status":"closed","ping_status":"closed","template":"","meta":{"_et_pb_use_builder":"on","_et_pb_old_content":"<!-- wp:divi\/placeholder \/-->","_et_gb_content_width":"","footnotes":""},"class_list":["post-393538","page","type-page","status-publish","hentry"],"_links":{"self":[{"href":"https:\/\/galicia.ipa-spain.org\/es\/wp-json\/wp\/v2\/pages\/393538","targetHints":{"allow":["GET"]}}],"collection":[{"href":"https:\/\/galicia.ipa-spain.org\/es\/wp-json\/wp\/v2\/pages"}],"about":[{"href":"https:\/\/galicia.ipa-spain.org\/es\/wp-json\/wp\/v2\/types\/page"}],"author":[{"embeddable":true,"href":"https:\/\/galicia.ipa-spain.org\/es\/wp-json\/wp\/v2\/users\/1"}],"replies":[{"embeddable":true,"href":"https:\/\/galicia.ipa-spain.org\/es\/wp-json\/wp\/v2\/comments?post=393538"}],"version-history":[{"count":3,"href":"https:\/\/galicia.ipa-spain.org\/es\/wp-json\/wp\/v2\/pages\/393538\/revisions"}],"predecessor-version":[{"id":393543,"href":"https:\/\/galicia.ipa-spain.org\/es\/wp-json\/wp\/v2\/pages\/393538\/revisions\/393543"}],"wp:attachment":[{"href":"https:\/\/galicia.ipa-spain.org\/es\/wp-json\/wp\/v2\/media?parent=393538"}],"curies":[{"name":"wp","href":"https:\/\/api.w.org\/{rel}","templated":true}]}}