{"id":393507,"date":"2024-07-29T08:36:56","date_gmt":"2024-07-29T08:36:56","guid":{"rendered":"https:\/\/galicia.ipa-spain.org\/xunta-nacional-e-c-e-n\/"},"modified":"2024-11-10T10:34:11","modified_gmt":"2024-11-10T10:34:11","slug":"junta-nacional-y-c-e-n","status":"publish","type":"page","link":"https:\/\/galicia.ipa-spain.org\/es\/junta-nacional-y-c-e-n\/","title":{"rendered":"Junta Nacional y C.E.N"},"content":{"rendered":"<p>[et_pb_section fb_built=\u00bb1&#8243; admin_label=\u00bbHeader\u00bb _builder_version=\u00bb4.27.0&#8243; background_color=\u00bb#0c71c3&#8243; use_background_color_gradient=\u00bbon\u00bb background_color_gradient_stops=\u00bbrgba(0,0,0,0.5) 0%|rgba(0,0,0,0.5) 100%\u00bb background_color_gradient_overlays_image=\u00bbon\u00bb background_color_gradient_start=\u00bbrgba(0,0,0,0.5)\u00bb background_color_gradient_end=\u00bbrgba(0,0,0,0.5)\u00bb background_enable_image=\u00bboff\u00bb custom_padding=\u00bb||||false|false\u00bb bottom_divider_height=\u00bb16px\u00bb global_colors_info=\u00bb{}\u00bb theme_builder_area=\u00bbpost_content\u00bb][et_pb_row _builder_version=\u00bb4.27.0&#8243; global_colors_info=\u00bb{}\u00bb theme_builder_area=\u00bbpost_content\u00bb][et_pb_column type=\u00bb4_4&#8243; _builder_version=\u00bb4.16&#8243; global_colors_info=\u00bb{}\u00bb theme_builder_area=\u00bbpost_content\u00bb][et_pb_text _builder_version=\u00bb4.27.0&#8243; header_font=\u00bbKanit|500|||||||\u00bb header_font_size=\u00bb2vw\u00bb header_line_height=\u00bb1.1em\u00bb background_layout=\u00bbdark\u00bb module_alignment=\u00bbcenter\u00bb custom_margin=\u00bb||||false|false\u00bb custom_padding=\u00bb||||false|false\u00bb header_text_align_tablet=\u00bb\u00bb header_text_align_phone=\u00bbcenter\u00bb header_text_align_last_edited=\u00bbon|phone\u00bb header_font_size_tablet=\u00bb42px\u00bb header_font_size_phone=\u00bb36px\u00bb header_font_size_last_edited=\u00bbon|desktop\u00bb locked=\u00bboff\u00bb global_colors_info=\u00bb{}\u00bb theme_builder_area=\u00bbpost_content\u00bb]<\/p>\n<h1 style=\"text-align: left;\">Junta Nacional y Comit\u00e9 Ejecutivo Nacional (C.E.N.)<\/h1>\n<p>[\/et_pb_text][\/et_pb_column][\/et_pb_row][\/et_pb_section][et_pb_section fb_built=\u00bb1&#8243; _builder_version=\u00bb4.26.0&#8243; _module_preset=\u00bbdefault\u00bb background_enable_image=\u00bboff\u00bb background_size=\u00bbcustom\u00bb global_colors_info=\u00bb{}\u00bb theme_builder_area=\u00bbpost_content\u00bb][et_pb_row _builder_version=\u00bb4.25.2&#8243; _module_preset=\u00bbdefault\u00bb global_colors_info=\u00bb{}\u00bb theme_builder_area=\u00bbpost_content\u00bb][et_pb_column type=\u00bb4_4&#8243; _builder_version=\u00bb4.25.2&#8243; _module_preset=\u00bbdefault\u00bb global_colors_info=\u00bb{}\u00bb theme_builder_area=\u00bbpost_content\u00bb][et_pb_text _builder_version=\u00bb4.27.0&#8243; _module_preset=\u00bbdefault\u00bb global_colors_info=\u00bb{}\u00bb theme_builder_area=\u00bbpost_content\u00bb]<\/p>\n<p>La<strong> Junta Nacional<\/strong> tiene las siguientes funciones:<\/p>\n<ul>\n<li>Representa a la <strong><em>International Police Association<\/em><\/strong> (<strong>P.A.<\/strong>) <strong>Secci\u00f3n Espa\u00f1ola<\/strong> en asuntos nacionales e internacionales, siendo responsable ante la <strong>Asamblea Nacional<\/strong> y el <strong>Comit\u00e9 Ejecutivo Nacional<\/strong> (<strong>C<\/strong>.<strong>E<\/strong>.<strong>N<\/strong>.).<\/li>\n<li>Ostenta y ejerce la representaci\u00f3n de la Asociaci\u00f3n, dirigiendo la administraci\u00f3n de acuerdo con los <u>Estatutos Nacionales<\/u> y con la <u>Ley de Asociaciones<\/u>, y cumpliendo las decisiones de la <strong>Asamblea Nacional<\/strong>.<\/li>\n<li>Toma los acuerdos necesarios para comparecer ante organismos p\u00fablicos, ejercer acciones legales e interponer recursos.<\/li>\n<li>Presenta a la <strong>Asamblea Nacional<\/strong> el balance de gesti\u00f3n.<\/li>\n<li>Propone a la <strong>Asamblea Nacional <\/strong>la defensa de los intereses de la Asociaci\u00f3n.<\/li>\n<li>Convoca las <u>Asambleas Nacionales<\/u> y supervisa el cumplimiento de sus acuerdos.<\/li>\n<li>Elabora la memoria anual de actividades y la presenta a la Asamblea Nacional y el CEN<\/li>\n<\/ul>\n<p>[\/et_pb_text][et_pb_text _builder_version=\u00bb4.27.0&#8243; _module_preset=\u00bbdefault\u00bb global_colors_info=\u00bb{}\u00bb theme_builder_area=\u00bbpost_content\u00bb]<\/p>\n<p>El <strong>Comit\u00e9 Ejecutivo Nacional<\/strong> (<strong>C<\/strong>.<strong>E<\/strong>.<strong>N<\/strong>.), es el \u00f3rgano de gobierno entre Asambleas. Dentro de sus competencias se encuentran:<\/p>\n<ul>\n<li>Ser informado de los expedientes disciplinarios tramitados y ejecutados por la Junta de la Secci\u00f3n Nacional.<\/li>\n<li>Discusi\u00f3n de los asuntos que afectan a la marcha y r\u00e9gimen de la Secci\u00f3n y de las mociones que figuren el orden del d\u00eda, adoptando las resoluciones pertinentes.<\/li>\n<li>Para la adopci\u00f3n de acuerdos, en el C.E.N., se deber\u00e1 seguir el procedimiento establecido en el art\u00edculo 5 del Reglamento de la Asamblea.<\/li>\n<li>Al igual que los acuerdos tomados por la Asamblea General, las decisiones adoptadas por el CEN afectar\u00e1n a todos los estamentos y miembros de la Secci\u00f3n Espa\u00f1ola, siendo estas resoluciones de obligado cumplimiento.<\/li>\n<\/ul>\n<p>[\/et_pb_text][et_pb_text _builder_version=\u00bb4.27.0&#8243; _module_preset=\u00bbdefault\u00bb global_colors_info=\u00bb{}\u00bb theme_builder_area=\u00bbpost_content\u00bb]<\/p>\n<p>El <strong>C.E.N<\/strong>. est\u00e1 compuesto por:<\/p>\n<ul>\n<li>Los miembros de la Junta de la Secci\u00f3n Nacional.<\/li>\n<li>Un representante de cada Junta de Comunidad, elegidos por cada una de dichas Juntas entre sus miembros.<\/li>\n<\/ul>\n<p>[\/et_pb_text][\/et_pb_column][\/et_pb_row][\/et_pb_section]<\/p>\n","protected":false},"excerpt":{"rendered":"<p>Junta Nacional y Comit\u00e9 Ejecutivo Nacional (C.E.N.)La Junta Nacional tiene las siguientes funciones: Representa a la International Police Association (P.A.) Secci\u00f3n Espa\u00f1ola en asuntos nacionales e internacionales, siendo responsable ante [&hellip;]<\/p>\n","protected":false},"author":1,"featured_media":0,"parent":0,"menu_order":0,"comment_status":"closed","ping_status":"closed","template":"","meta":{"_et_pb_use_builder":"on","_et_pb_old_content":"","_et_gb_content_width":"","footnotes":""},"class_list":["post-393507","page","type-page","status-publish","hentry"],"_links":{"self":[{"href":"https:\/\/galicia.ipa-spain.org\/es\/wp-json\/wp\/v2\/pages\/393507","targetHints":{"allow":["GET"]}}],"collection":[{"href":"https:\/\/galicia.ipa-spain.org\/es\/wp-json\/wp\/v2\/pages"}],"about":[{"href":"https:\/\/galicia.ipa-spain.org\/es\/wp-json\/wp\/v2\/types\/page"}],"author":[{"embeddable":true,"href":"https:\/\/galicia.ipa-spain.org\/es\/wp-json\/wp\/v2\/users\/1"}],"replies":[{"embeddable":true,"href":"https:\/\/galicia.ipa-spain.org\/es\/wp-json\/wp\/v2\/comments?post=393507"}],"version-history":[{"count":4,"href":"https:\/\/galicia.ipa-spain.org\/es\/wp-json\/wp\/v2\/pages\/393507\/revisions"}],"predecessor-version":[{"id":393557,"href":"https:\/\/galicia.ipa-spain.org\/es\/wp-json\/wp\/v2\/pages\/393507\/revisions\/393557"}],"wp:attachment":[{"href":"https:\/\/galicia.ipa-spain.org\/es\/wp-json\/wp\/v2\/media?parent=393507"}],"curies":[{"name":"wp","href":"https:\/\/api.w.org\/{rel}","templated":true}]}}