{"id":393493,"date":"2024-06-16T09:24:45","date_gmt":"2024-06-16T09:24:45","guid":{"rendered":"https:\/\/galicia.ipa-spain.org\/estructura-e-organizacion\/"},"modified":"2026-02-16T08:58:36","modified_gmt":"2026-02-16T08:58:36","slug":"estructura-y-organizacion","status":"publish","type":"page","link":"https:\/\/galicia.ipa-spain.org\/es\/estructura-y-organizacion\/","title":{"rendered":"Estructura y organizaci\u00f3n"},"content":{"rendered":"<p>[et_pb_section fb_built=\u00bb1&#8243; admin_label=\u00bbHeader\u00bb _builder_version=\u00bb4.27.0&#8243; background_color=\u00bb#0c71c3&#8243; use_background_color_gradient=\u00bbon\u00bb background_color_gradient_stops=\u00bbrgba(0,0,0,0.5) 0%|rgba(0,0,0,0.5) 100%\u00bb background_color_gradient_overlays_image=\u00bbon\u00bb background_color_gradient_start=\u00bbrgba(0,0,0,0.5)\u00bb background_color_gradient_end=\u00bbrgba(0,0,0,0.5)\u00bb background_enable_image=\u00bboff\u00bb custom_padding=\u00bb||||false|false\u00bb bottom_divider_height=\u00bb16px\u00bb global_colors_info=\u00bb{}\u00bb][et_pb_row column_structure=\u00bb1_2,1_2&#8243; _builder_version=\u00bb4.16&#8243; global_colors_info=\u00bb{}\u00bb][et_pb_column type=\u00bb1_2&#8243; _builder_version=\u00bb4.16&#8243; global_colors_info=\u00bb{}\u00bb][et_pb_text _builder_version=\u00bb4.27.3&#8243; header_font=\u00bbKanit|500|||||||\u00bb header_font_size=\u00bb2vw\u00bb header_line_height=\u00bb1.1em\u00bb background_layout=\u00bbdark\u00bb max_width=\u00bb795px\u00bb module_alignment=\u00bbcenter\u00bb header_text_align_tablet=\u00bb\u00bb header_text_align_phone=\u00bbcenter\u00bb header_text_align_last_edited=\u00bbon|phone\u00bb header_font_size_tablet=\u00bb42px\u00bb header_font_size_phone=\u00bb36px\u00bb header_font_size_last_edited=\u00bbon|desktop\u00bb locked=\u00bboff\u00bb global_colors_info=\u00bb{}\u00bb]<\/p>\n<h1>Estrutura y organizaci\u00f3n<\/h1>\n<p>[\/et_pb_text][\/et_pb_column][et_pb_column type=\u00bb1_2&#8243; _builder_version=\u00bb4.16&#8243; global_colors_info=\u00bb{}\u00bb][\/et_pb_column][\/et_pb_row][\/et_pb_section][et_pb_section fb_built=\u00bb1&#8243; disabled_on=\u00bboff|off|off\u00bb _builder_version=\u00bb4.16&#8243; _module_preset=\u00bbdefault\u00bb global_colors_info=\u00bb{}\u00bb][et_pb_row _builder_version=\u00bb4.26.0&#8243; _module_preset=\u00bbdefault\u00bb global_colors_info=\u00bb{}\u00bb][et_pb_column type=\u00bb4_4&#8243; _builder_version=\u00bb4.26.0&#8243; _module_preset=\u00bbdefault\u00bb global_colors_info=\u00bb{}\u00bb][et_pb_text _builder_version=\u00bb4.27.3&#8243; _module_preset=\u00bbdefault\u00bb global_colors_info=\u00bb{}\u00bb]La <strong>I.P.A<\/strong>. en <strong>Espa\u00f1a<\/strong> es una organizaci\u00f3n descentralizada a nivel regional, con una estructura nacional que coordina las actividades y representa a los m\u00e1s de 14.000 miembros entre los Cuerpos Policiales dependientes del Estado, Comunidades Aut\u00f3nomas y Polic\u00edas Locales (Fuerzas y Cuerpos de Seguridad \u2013 L.O. 2\/1986, del 13 de marzo).<\/p>\n<p><strong>La International Police Association (I.P.A.) Secci\u00f3n Espa\u00f1ola<\/strong>, est\u00e1 estructurada de acuerdo con el mapa auton\u00f3mico de Espa\u00f1a, es decir, sobre la base de 19 Comunidades, tal y como establece la <strong>Constituci\u00f3n Espa\u00f1ola<\/strong> (17 m\u00e1s Ceuta y Melilla) y tantas Agrupaciones Locales como se creen, dependiendo \u00e9stas de la Comunidad correspondiente. Las Agrupaciones locales est\u00e1n subordinadas a las Comunidades y \u00e9stas a su vez lo est\u00e1n respecto a la Secci\u00f3n Espa\u00f1ola.[\/et_pb_text][\/et_pb_column][\/et_pb_row][et_pb_row _builder_version=\u00bb4.27.3&#8243; _module_preset=\u00bbdefault\u00bb global_colors_info=\u00bb{}\u00bb][et_pb_column type=\u00bb4_4&#8243; _builder_version=\u00bb4.27.3&#8243; _module_preset=\u00bbdefault\u00bb global_colors_info=\u00bb{}\u00bb][et_pb_text _builder_version=\u00bb4.27.5&#8243; _module_preset=\u00bbdefault\u00bb hover_enabled=\u00bb0&#8243; global_colors_info=\u00bb{}\u00bb sticky_enabled=\u00bb0&#8243;]<\/p>\n<p>Los \u00d3rganos rectores de la<strong> International Police Association (I.P.A.) Secci\u00f3n Espa\u00f1ola<\/strong> son:<\/p>\n<p>[\/et_pb_text][et_pb_text _builder_version=\u00bb4.27.5&#8243; _module_preset=\u00bbdefault\u00bb hover_enabled=\u00bb0&#8243; global_colors_info=\u00bb{}\u00bb sticky_enabled=\u00bb0&#8243;]<\/p>\n<p>\u2022 <strong>Asamblea Nacional <\/strong>de la Secci\u00f3n Espa\u00f1ola, \u00d3rgano superior de la Secci\u00f3n, regulado por los Estatutos.<br \/>\u2022 <strong>Comit\u00e9 Consultivo Nacional (C.C.N.)<\/strong>, que es el \u00f3rgano de consultivo entre Asambleas.<br \/>\u2022 <strong>Junta Ejecutiva Nacional<\/strong>.<br \/>\u2022 <strong>Asamblea de Comunidad<\/strong>, en el \u00e1mbito territorial de su comunidad.<br \/>\u2022 <strong>Junta Ejecutiva de Comunidad<\/strong>, en el \u00e1mbito territorial de su comunidad.<br \/>\u2022 <strong>Asamblea de Agrupaci\u00f3n<\/strong> Local, en el \u00e1mbito territorial de su regi\u00f3n o poblaci\u00f3n.<br \/>\u2022 <strong>Junta Ejecutiva de Agrupaci\u00f3n<\/strong> Local, en el \u00e1mbito territorial de su regi\u00f3n o poblaci\u00f3n.<\/p>\n<p>[\/et_pb_text][et_pb_text _builder_version=\u00bb4.27.3&#8243; _module_preset=\u00bbdefault\u00bb global_colors_info=\u00bb{}\u00bb]Los miembros integrantes de estos \u00f3rganos s\u00f3lo podr\u00e1n ser electores y elegibles los socios de n\u00famero al corriente de d\u00e9bitos. Excepcionalmente podr\u00e1n nombrarse como miembros de las Asambleas, (Nacional, Comunidad o Agrupaci\u00f3n Local) o como agregados al Comit\u00e9 Consultivo Nacional, Junta de Comunidad o Junta de Agrupaci\u00f3n Local, a personas seleccionadas entre los socios colaboradores o de honor, con voz pero sin voto.[\/et_pb_text][\/et_pb_column][\/et_pb_row][\/et_pb_section]<\/p>\n","protected":false},"excerpt":{"rendered":"<p>Estrutura y organizaci\u00f3nLa I.P.A. en Espa\u00f1a es una organizaci\u00f3n descentralizada a nivel regional, con una estructura nacional que coordina las actividades y representa a los m\u00e1s de 14.000 miembros entre [&hellip;]<\/p>\n","protected":false},"author":1,"featured_media":0,"parent":0,"menu_order":0,"comment_status":"closed","ping_status":"closed","template":"","meta":{"_et_pb_use_builder":"on","_et_pb_old_content":"","_et_gb_content_width":"","footnotes":""},"class_list":["post-393493","page","type-page","status-publish","hentry"],"_links":{"self":[{"href":"https:\/\/galicia.ipa-spain.org\/es\/wp-json\/wp\/v2\/pages\/393493","targetHints":{"allow":["GET"]}}],"collection":[{"href":"https:\/\/galicia.ipa-spain.org\/es\/wp-json\/wp\/v2\/pages"}],"about":[{"href":"https:\/\/galicia.ipa-spain.org\/es\/wp-json\/wp\/v2\/types\/page"}],"author":[{"embeddable":true,"href":"https:\/\/galicia.ipa-spain.org\/es\/wp-json\/wp\/v2\/users\/1"}],"replies":[{"embeddable":true,"href":"https:\/\/galicia.ipa-spain.org\/es\/wp-json\/wp\/v2\/comments?post=393493"}],"version-history":[{"count":10,"href":"https:\/\/galicia.ipa-spain.org\/es\/wp-json\/wp\/v2\/pages\/393493\/revisions"}],"predecessor-version":[{"id":393880,"href":"https:\/\/galicia.ipa-spain.org\/es\/wp-json\/wp\/v2\/pages\/393493\/revisions\/393880"}],"wp:attachment":[{"href":"https:\/\/galicia.ipa-spain.org\/es\/wp-json\/wp\/v2\/media?parent=393493"}],"curies":[{"name":"wp","href":"https:\/\/api.w.org\/{rel}","templated":true}]}}