{"id":393492,"date":"2024-06-16T09:23:23","date_gmt":"2024-06-16T09:23:23","guid":{"rendered":"https:\/\/galicia.ipa-spain.org\/historia-e-constitucion-da-ipa\/"},"modified":"2024-11-10T10:06:37","modified_gmt":"2024-11-10T10:06:37","slug":"historia-y-constitucion-de-la-ipa","status":"publish","type":"page","link":"https:\/\/galicia.ipa-spain.org\/es\/historia-y-constitucion-de-la-ipa\/","title":{"rendered":"Historia y constituci\u00f3n de la IPA"},"content":{"rendered":"<p>[et_pb_section fb_built=\u00bb1&#8243; admin_label=\u00bbHeader\u00bb _builder_version=\u00bb4.27.0&#8243; background_color=\u00bb#0c71c3&#8243; use_background_color_gradient=\u00bbon\u00bb background_color_gradient_stops=\u00bbrgba(0,0,0,0.5) 0%|rgba(0,0,0,0.5) 100%\u00bb background_color_gradient_overlays_image=\u00bbon\u00bb background_color_gradient_start=\u00bbrgba(0,0,0,0.5)\u00bb background_color_gradient_end=\u00bbrgba(0,0,0,0.5)\u00bb background_enable_image=\u00bboff\u00bb custom_padding=\u00bb||||false|false\u00bb bottom_divider_height=\u00bb16px\u00bb global_colors_info=\u00bb{}\u00bb theme_builder_area=\u00bbpost_content\u00bb][et_pb_row column_structure=\u00bb1_2,1_2&#8243; _builder_version=\u00bb4.16&#8243; global_colors_info=\u00bb{}\u00bb theme_builder_area=\u00bbpost_content\u00bb][et_pb_column type=\u00bb1_2&#8243; _builder_version=\u00bb4.16&#8243; global_colors_info=\u00bb{}\u00bb theme_builder_area=\u00bbpost_content\u00bb][et_pb_text _builder_version=\u00bb4.26.0&#8243; header_font=\u00bbKanit|500|||||||\u00bb header_font_size=\u00bb2vw\u00bb header_line_height=\u00bb1.1em\u00bb background_layout=\u00bbdark\u00bb max_width=\u00bb795px\u00bb module_alignment=\u00bbcenter\u00bb header_text_align_tablet=\u00bb\u00bb header_text_align_phone=\u00bbcenter\u00bb header_text_align_last_edited=\u00bbon|phone\u00bb header_font_size_tablet=\u00bb42px\u00bb header_font_size_phone=\u00bb36px\u00bb header_font_size_last_edited=\u00bbon|desktop\u00bb locked=\u00bboff\u00bb global_colors_info=\u00bb{}\u00bb theme_builder_area=\u00bbpost_content\u00bb]<\/p>\n<h1>Nuestra historia<\/h1>\n<p>[\/et_pb_text][\/et_pb_column][et_pb_column type=\u00bb1_2&#8243; _builder_version=\u00bb4.16&#8243; global_colors_info=\u00bb{}\u00bb theme_builder_area=\u00bbpost_content\u00bb][\/et_pb_column][\/et_pb_row][\/et_pb_section][et_pb_section fb_built=\u00bb1&#8243; _builder_version=\u00bb4.25.1&#8243; _module_preset=\u00bbdefault\u00bb global_colors_info=\u00bb{}\u00bb theme_builder_area=\u00bbpost_content\u00bb][et_pb_row _builder_version=\u00bb4.26.0&#8243; _module_preset=\u00bbdefault\u00bb custom_margin=\u00bb||0px||false|false\u00bb custom_padding=\u00bb||0px||false|false\u00bb global_colors_info=\u00bb{}\u00bb theme_builder_area=\u00bbpost_content\u00bb][et_pb_column type=\u00bb4_4&#8243; _builder_version=\u00bb4.26.0&#8243; _module_preset=\u00bbdefault\u00bb global_colors_info=\u00bb{}\u00bb theme_builder_area=\u00bbpost_content\u00bb][et_pb_text _builder_version=\u00bb4.26.0&#8243; _module_preset=\u00bbdefault\u00bb custom_padding=\u00bb||0px|||\u00bb global_colors_info=\u00bb{}\u00bb theme_builder_area=\u00bbpost_content\u00bb]<\/p>\n<h4><strong>Historia de la IPA y de su fundador<\/strong><\/h4>\n<p>La Asociaci\u00f3n naci\u00f3 porque un sargento de la polic\u00eda de<span>\u00a0<\/span><em>Lincolnshire<\/em>, Inglaterra, llamado\u00a0<strong><em>Arthur Troop<\/em><\/strong>,\u00a0quer\u00eda crear un\u00a0canal de amistad\u00a0y cooperaci\u00f3n internacional entre polic\u00edas.<\/p>\n<p>&nbsp;<\/p>\n<p>[\/et_pb_text][\/et_pb_column][\/et_pb_row][et_pb_row column_structure=\u00bb3_5,2_5&#8243; _builder_version=\u00bb4.26.0&#8243; _module_preset=\u00bbdefault\u00bb background_color=\u00bb#f4f4f4&#8243; custom_margin=\u00bb0px|auto|0px|auto|false|false\u00bb custom_padding=\u00bb0px||0px||false|false\u00bb global_colors_info=\u00bb{}\u00bb theme_builder_area=\u00bbpost_content\u00bb][et_pb_column type=\u00bb3_5&#8243; _builder_version=\u00bb4.26.0&#8243; _module_preset=\u00bbdefault\u00bb global_colors_info=\u00bb{}\u00bb theme_builder_area=\u00bbpost_content\u00bb][et_pb_text _builder_version=\u00bb4.26.0&#8243; _module_preset=\u00bbdefault\u00bb custom_padding=\u00bb35px|||35px|false|false\u00bb global_colors_info=\u00bb{}\u00bb theme_builder_area=\u00bbpost_content\u00bb]<\/p>\n<p><em><strong>Arthur Troop<\/strong><\/em><span>\u00a0<\/span>naci\u00f3 el 15 de diciembre de 1914 en<span>\u00a0<\/span><em>Lincoln<\/em>, Inglaterra, donde pas\u00f3 su infancia y asisti\u00f3 a la escuela local. Su vida laboral comenz\u00f3 como mec\u00e1nico pero r\u00e1pidamente encontr\u00f3 inter\u00e9s en otras \u00e1reas. Continu\u00f3 su educaci\u00f3n en el<span>\u00a0<\/span><em>Ruskin College de Oxford<\/em>, y obtuvo un diploma en Econom\u00eda y Ciencias Sociales. Durante este tiempo tambi\u00e9n complet\u00f3 un estudio de 3 a\u00f1os de historia rusa. Se le concedi\u00f3 una beca para visitar<span>\u00a0<\/span><em>Mosc\u00fa<\/em><span>\u00a0<\/span>y<span>\u00a0<\/span><em>Leningrado<\/em><span>\u00a0<\/span>en 1934. Posteriormente sigui\u00f3 un estudio de agricultura de 2 a\u00f1os en el<span>\u00a0<\/span><em>Avoncroft Agricultural College<\/em><span>\u00a0<\/span>en el<span>\u00a0<\/span><em>Valle de Evesham<\/em>,<span>\u00a0<\/span><em>Worcestershire<\/em>.<\/p>\n<p>[\/et_pb_text][\/et_pb_column][et_pb_column type=\u00bb2_5&#8243; _builder_version=\u00bb4.26.0&#8243; _module_preset=\u00bbdefault\u00bb global_colors_info=\u00bb{}\u00bb theme_builder_area=\u00bbpost_content\u00bb][et_pb_image src=\u00bbhttps:\/\/galicia.ipa-spain.org\/wp-content\/uploads\/sites\/3\/2024\/07\/EArthur-Troop.jpeg\u00bb title_text=\u00bbEArthur Troop\u00bb align=\u00bbcenter\u00bb _builder_version=\u00bb4.26.0&#8243; _module_preset=\u00bbdefault\u00bb custom_margin=\u00bb10px||5px||false|false\u00bb custom_padding=\u00bb9px||3px||false|false\u00bb global_colors_info=\u00bb{}\u00bb theme_builder_area=\u00bbpost_content\u00bb][\/et_pb_image][et_pb_text _builder_version=\u00bb4.26.0&#8243; _module_preset=\u00bbdefault\u00bb custom_margin=\u00bb0px||0px||false|false\u00bb custom_padding=\u00bb0px||0px||false|false\u00bb global_colors_info=\u00bb{}\u00bb theme_builder_area=\u00bbpost_content\u00bb]<\/p>\n<p style=\"text-align: center;\"><em>(Arthur Troop)<\/em><\/p>\n<p>[\/et_pb_text][\/et_pb_column][\/et_pb_row][et_pb_row _builder_version=\u00bb4.26.0&#8243; _module_preset=\u00bbdefault\u00bb custom_margin=\u00bb0px||0px||false|false\u00bb custom_padding=\u00bb10px||0px||false|false\u00bb global_colors_info=\u00bb{}\u00bb theme_builder_area=\u00bbpost_content\u00bb][et_pb_column type=\u00bb4_4&#8243; _builder_version=\u00bb4.26.0&#8243; _module_preset=\u00bbdefault\u00bb global_colors_info=\u00bb{}\u00bb theme_builder_area=\u00bbpost_content\u00bb][et_pb_text _builder_version=\u00bb4.26.0&#8243; _module_preset=\u00bbdefault\u00bb global_colors_info=\u00bb{}\u00bb theme_builder_area=\u00bbpost_content\u00bb]<\/p>\n<p>El 19 de junio de 1936<span>\u00a0<\/span><strong><em>Arthur<\/em><\/strong><span>\u00a0<\/span>se incorpor\u00f3 a la<span>\u00a0<\/span><strong>Polic\u00eda de<span>\u00a0<\/span><em>Lincolnshire<\/em><\/strong><span>\u00a0<\/span>donde desempe\u00f1\u00f3 funciones en varios departamentos, pero se especializ\u00f3 en tr\u00e1fico. Poco despu\u00e9s de la Segunda Guerra Mundial,<span>\u00a0<\/span><strong><em>Arthur<\/em><\/strong><span>\u00a0<\/span>se dedic\u00f3 a la enorme tarea de fundar una organizaci\u00f3n de amistad para agentes de polic\u00eda de todo el mundo. Siempre hab\u00eda tenido una gran fe en que las personas hablaran entre s\u00ed en lugar de pelear, y cre\u00eda en las cualidades positivas de la amistad. En ese momento, sin embargo, se lo consideraba exc\u00e9ntrico y experiment\u00f3 una oposici\u00f3n considerable por parte de su jefe de polic\u00eda y del Ministerio del Interior.<\/p>\n<p>En los a\u00f1os 1948-49,<span>\u00a0<\/span><strong><em>Arthur Troop<\/em><\/strong><span>\u00a0<\/span>se puso en contacto con sus amigos polic\u00edas tanto en el<span>\u00a0<\/span><em>Reino Unido<\/em><span>\u00a0<\/span>como en el extranjero. En 1949 public\u00f3 un art\u00edculo en la<span>\u00a0<\/span><em>British Police Review<\/em><span>\u00a0<\/span>con el seud\u00f3nimo de \u00ab<em>Aytee<\/em>\u00ab. Despu\u00e9s de una respuesta asombrosa,<span>\u00a0<\/span><strong><em>Arthur<\/em><\/strong><span>\u00a0<\/span>se convenci\u00f3 de que deb\u00eda continuar, y la<span>\u00a0<\/span><a href=\"http:\/\/www.ipa-international.org\/\" target=\"_blank\" rel=\"noopener\"><em><strong><span>International Police Association<\/span><\/strong><\/em><\/a><strong><span>\u00a0<\/span>(IPA) se fund\u00f3 el 1 de Enero de 1950<\/strong><span>\u00a0<\/span>bajo el lema en esperanto \u2018<em><strong>Servo per Amikeco<\/strong><\/em>\u2018 (Servicio a trav\u00e9s de la amistad).<span>\u00a0<\/span><strong><em>Arthur Troop<\/em><\/strong><span>\u00a0<\/span>se convirti\u00f3 en el primer<span>\u00a0<\/span><strong>Secretario General<span>\u00a0<\/span><\/strong>de la<strong><span>\u00a0<\/span>Secci\u00f3n Brit\u00e1nica<\/strong>. Su noci\u00f3n de asociaci\u00f3n con el desarrollo de v\u00ednculos sociales, culturales y profesionales entre sus miembros, en un entorno libre de distinciones de rango, g\u00e9nero, raza, idioma o religi\u00f3n, se convirti\u00f3 en una realidad.<\/p>\n<p>Con la ayuda de los primeros pioneros,<span>\u00a0<\/span><em><strong>Arthur Troop<\/strong><\/em><span>\u00a0<\/span>trabaj\u00f3 incansablemente para alentar la fundaci\u00f3n de otras<span>\u00a0<\/span><strong>Secciones Nacionales<\/strong>. En 1953, los<span>\u00a0<\/span><em>Pa\u00edses Bajos<\/em><span>\u00a0<\/span>se convirtieron en el primer pa\u00eds despu\u00e9s del<span>\u00a0<\/span><em>Reino Unido<\/em><span>\u00a0<\/span>en formar una secci\u00f3n.<span>\u00a0<\/span><em>B\u00e9lgica<\/em><span>\u00a0<\/span>y<span>\u00a0<\/span><em>Francia<\/em><span>\u00a0<\/span>siguieron durante ese a\u00f1o.<span>\u00a0<\/span><em>Norueg<\/em>a,<span>\u00a0<\/span><em>Alemania<\/em><span>\u00a0<\/span>y<span>\u00a0<\/span><em>Suiza<\/em><span>\u00a0<\/span>se organizaron durante los dos a\u00f1os siguientes. Pronto hubo secciones en la mayor parte de Europa Occidental.<\/p>\n<p>En 1955, en la primera reuni\u00f3n del<span>\u00a0<\/span><strong>Comit\u00e9 Ejecutivo Internacional<span>\u00a0<\/span><\/strong>en<em><strong><span>\u00a0<\/span>Par\u00eds<\/strong><\/em>,<span>\u00a0<\/span><strong><em>Arthur Troop<\/em><\/strong><span>\u00a0<\/span>se convirti\u00f3 en el primer<span>\u00a0<\/span><strong>Secretario General Internacional<\/strong>, cargo que ocup\u00f3 hasta que renunci\u00f3 en 1966 por razones personales.<\/p>\n<p><strong><u>El 16 de marzo de 1961<\/u><\/strong>, en el<span>\u00a0<\/span><strong>Congreso Mundial extraordinario<\/strong><span>\u00a0<\/span>celebrado en<span>\u00a0<\/span><em>Par\u00eds<\/em>, se afiliaron las primeras secciones fuera de Europa:<span>\u00a0<\/span><em>Canad\u00e1<\/em><span>\u00a0<\/span>y<span>\u00a0<\/span><em>Hong Kong<\/em>.<\/p>\n<p>En el tercer<span>\u00a0<\/span><strong>Congreso Mundial<\/strong><span>\u00a0<\/span>celebrado en<span>\u00a0<\/span><em>Stuttgart<\/em>,<span>\u00a0<\/span><em>Alemania<\/em>,<span>\u00a0<\/span><strong><u>en septiembre de 1961<\/u><\/strong>, se afili\u00f3 la primera secci\u00f3n africana,\u00a0<span>\u00a0<\/span><em>IPA Kenia<\/em><span>\u00a0<\/span>se uni\u00f3 a la asociaci\u00f3n.<\/p>\n<p>Tras el \u00e9xito en la creaci\u00f3n de lo que se ha convertido en la organizaci\u00f3n policial m\u00e1s grande del mundo, hubo un cambio en la visi\u00f3n de las autoridades hacia la<span>\u00a0<\/span><a href=\"http:\/\/www.ipa-international.org\/\" target=\"_blank\" rel=\"noopener\"><em><strong><span>International Police Association<\/span><\/strong><\/em><\/a><span>\u00a0<\/span>. En la Lista de Honor del Cumplea\u00f1os de la Reina de 1965,<span>\u00a0<\/span><em><strong>Arthur Troop<\/strong><\/em><span>\u00a0<\/span>recibi\u00f3 la Medalla del Imperio Brit\u00e1nico por su trabajo en la fundaci\u00f3n de la IPA, entre otros. M\u00e1s tarde recibir\u00eda muchos premios importantes de varios pa\u00edses. Estos incluyeron: un Doctorado Honorario de Canad\u00e1; la Cruz de Honor del Presidente de la Rep\u00fablica de Austria; y tras la inauguraci\u00f3n de la estatua de<span>\u00a0<\/span><em><strong>Arthur Troop<\/strong><\/em><span>\u00a0<\/span>en la gran llanura de<span>\u00a0<\/span><em>Hungr\u00eda<\/em><span>\u00a0<\/span>en 1998, recibi\u00f3 la \u00abEspada de oro de Hungr\u00eda\u00bb.<\/p>\n<p>Al retirarse de la polic\u00eda en 1966,<span>\u00a0<\/span><em><strong>Arthur Troop<\/strong><\/em><span>\u00a0<\/span>continu\u00f3 su deseo de ayudar a los dem\u00e1s. Tom\u00f3 otra carrera en el Departamento de Servicios Sociales de<span>\u00a0<\/span><em>Lincolnshire<\/em>, como Visitante a Domicilio para Ciegos y nuevamente logr\u00f3 el reconocimiento nacional por su trabajo ben\u00e9fico al proporcionar perros gu\u00eda. Incluso durante su enfermedad posterior,<span>\u00a0<\/span><strong><em>Arthur<\/em><\/strong>, junto con su esposa<span>\u00a0<\/span><em>Marjorie<\/em>, continu\u00f3 dirigiendo el<span>\u00a0<\/span><em>Stamford Blind Club<\/em>.<\/p>\n<p>1982 vio la elecci\u00f3n de la primera mujer miembro de la<span>\u00a0<\/span><a href=\"http:\/\/www.ipa-international.org\/\" target=\"_blank\" rel=\"noopener\"><em><strong><span>International Police Association<\/span><\/strong><\/em><\/a><span>\u00a0<\/span>para el<span>\u00a0<\/span><strong>PEB<\/strong>, el antiguo nombre de la<span>\u00a0<\/span><strong>Junta Ejecutiva Internacional<\/strong><span>\u00a0<\/span>(IEB),<span>\u00a0<\/span><em>Phyllis Nolan<\/em><span>\u00a0<\/span>de la<span>\u00a0<\/span><strong>Secci\u00f3n de la IPA de Irlanda<\/strong>.<\/p>\n<p>Como miembro \u2018ex officio\u2019 del<span>\u00a0<\/span><strong>Comit\u00e9 Internacional (PEB)<\/strong>,<span>\u00a0<\/span><em><strong>Arthur<\/strong><\/em><span>\u00a0<\/span>continu\u00f3 asistiendo a reuniones internacionales, donde sus consejos fueron escuchados y respetados. En el<span>\u00a0<\/span><strong>XI Congreso Mundial<\/strong><span>\u00a0<\/span>de 1985, se convirti\u00f3 en el primer receptor de la Medalla de Oro de la Asociaci\u00f3n. En la 26\u00aa Conferencia del IEC en<span>\u00a0<\/span><em>Viena<\/em>, 1995,<span>\u00a0<\/span><em><strong>Arthur<\/strong><\/em><span>\u00a0<\/span>fue galardonado con el Premio Mundial de Polic\u00eda IPA.<\/p>\n<p>A pesar de su grave enfermedad,<span>\u00a0<\/span><em><strong>Arthur<\/strong><\/em><span>\u00a0<\/span>se prepar\u00f3 para el<span>\u00a0<\/span><strong>Congreso Mundial del 50 Aniversario<\/strong><span>\u00a0<\/span>de la Asociaci\u00f3n, celebrado en<span>\u00a0<\/span><em>Bournemouth<\/em>,<span>\u00a0<\/span><em>Reino Unido<\/em>, en mayo de 2000. Su Alteza Real, la Princesa Ana, asisti\u00f3 a la ceremonia de apertura y rindi\u00f3 homenaje a \u201c\u2026 el hombre de Lincolnshire, por perseguir implacablemente la ardua tarea de establecer la Asociaci\u00f3n Internacional de Polic\u00eda mediante el Servicio a trav\u00e9s de la Amistad \u00ab. Su Alteza Real continu\u00f3 diciendo\u00bb \u2026<span>\u00a0<\/span><em><strong>Arthur Troop<\/strong><\/em><span>\u00a0<\/span>atraves\u00f3 mucha adversidad, aislamiento y desinter\u00e9s desde m\u00e1s arriba de lo que podemos imaginar \u00bb .<\/p>\n<p>Tras una larga enfermedad,<span>\u00a0<\/span><em><strong>Arthur<\/strong><\/em><span>\u00a0<\/span>falleci\u00f3 el jueves 30 de noviembre de 2000.<\/p>\n<p><em><strong>Arthur<\/strong><\/em><span>\u00a0<\/span>era un polic\u00eda brit\u00e1nico ordinario con un sue\u00f1o que logr\u00f3 sus objetivos al fundar<span>\u00a0<\/span><strong>la organizaci\u00f3n policial m\u00e1s grande del mundo<\/strong>.<\/p>\n<p>2020 marc\u00f3 el 70 aniversario de la IPA. Actualmente tiene m\u00e1s de\u00a0<strong>372.000 socios<\/strong><span>\u00a0<\/span>y\u00a0secciones nacionales en\u00a0<strong>65 pa\u00edses de los cinco continentes<\/strong>.<\/p>\n<p>Es una ONG con estatus consultivo (especial) con el Consejo Econ\u00f3mico y Social de las Naciones Unidas, con la Organizaci\u00f3n de los Estados Americanos y con la UNESCO.<\/p>\n<p>Hemos sido testigos del crecimiento constante de lo que se ha convertido en la principal organizaci\u00f3n policial indiscutible del mundo, tanto en n\u00famero de miembros como en influencia.<\/p>\n<blockquote>\n<p style=\"text-align: left;\"><strong>\u00a1Y las ideas fundamentales de Arthur Troop a\u00fan permanecen hasta el d\u00eda de hoy!<\/strong><span style=\"font-size: 16px;\">\u00a0<\/span><\/p>\n<\/blockquote>\n<p>[\/et_pb_text][\/et_pb_column][\/et_pb_row][et_pb_row _builder_version=\u00bb4.26.0&#8243; _module_preset=\u00bbdefault\u00bb global_colors_info=\u00bb{}\u00bb theme_builder_area=\u00bbpost_content\u00bb][et_pb_column type=\u00bb4_4&#8243; _builder_version=\u00bb4.26.0&#8243; _module_preset=\u00bbdefault\u00bb global_colors_info=\u00bb{}\u00bb theme_builder_area=\u00bbpost_content\u00bb][et_pb_text _builder_version=\u00bb4.26.0&#8243; _module_preset=\u00bbdefault\u00bb custom_margin=\u00bb||8px|||\u00bb global_colors_info=\u00bb{}\u00bb theme_builder_area=\u00bbpost_content\u00bb]<\/p>\n<h3><strong>Historia de la I.P.A en Espa\u00f1a<\/strong><\/h3>\n<p>&nbsp;<\/p>\n<p>[\/et_pb_text][et_pb_text _builder_version=\u00bb4.26.0&#8243; _module_preset=\u00bbdefault\u00bb global_colors_info=\u00bb{}\u00bb theme_builder_area=\u00bbpost_content\u00bb]<\/p>\n<p>En el a\u00f1o 1958 se recibi\u00f3 en la<span>\u00a0<\/span><strong>Jefatura de la Polic\u00eda Municipal de Barcelona<\/strong><span>\u00a0<\/span>un escrito de la Polic\u00eda de Oberhausen (Alemania) en la que se manifestaba el deseo de un grupo de polic\u00edas de visitar Barcelona y si pod\u00edan ser atendidos por la polic\u00eda de esta ciudad.<\/p>\n<p>Aunque el hecho era algo ins\u00f3lito, con el aislamiento de Espa\u00f1a y la nula comunicaci\u00f3n con el exterior, se les comunic\u00f3 que ser\u00edan aceptados con sumo gusto. Se les acompa\u00f1\u00f3 por la ciudad y fueron recibidos en el Ayuntamiento. En el curso de una conversaci\u00f3n con el Comisario Jefe del grupo, \u00e9ste mencion\u00f3 que en Europa se hab\u00eda creado hac\u00eda muy poco una organizaci\u00f3n denominada<span>\u00a0<\/span><strong>IPA<\/strong><span>\u00a0<\/span>(<a href=\"http:\/\/www.ipa-international.org\/\" target=\"_blank\" rel=\"noopener\"><em><strong><span>International Police Association<\/span><\/strong><\/em><\/a>) para fomentar la comunicaci\u00f3n y las relaciones en un orden puramente amistoso entre todas las polic\u00edas del mundo con exclusi\u00f3n de cualquier menci\u00f3n de tipo pol\u00edtico o religioso o de cualquier discriminaci\u00f3n de raza o color, insinuando que la polic\u00eda espa\u00f1ola tambi\u00e9n ser\u00eda con toda seguridad bien recibida si lo solicitaba.<\/p>\n<p>[\/et_pb_text][\/et_pb_column][\/et_pb_row][et_pb_row column_structure=\u00bb3_5,2_5&#8243; _builder_version=\u00bb4.26.0&#8243; _module_preset=\u00bbdefault\u00bb background_color=\u00bb#f4f4f4&#8243; custom_margin=\u00bb0px|auto|0px|auto|false|false\u00bb custom_padding=\u00bb0px||0px||false|false\u00bb global_colors_info=\u00bb{}\u00bb theme_builder_area=\u00bbpost_content\u00bb][et_pb_column type=\u00bb3_5&#8243; _builder_version=\u00bb4.26.0&#8243; _module_preset=\u00bbdefault\u00bb global_colors_info=\u00bb{}\u00bb theme_builder_area=\u00bbpost_content\u00bb][et_pb_text _builder_version=\u00bb4.26.0&#8243; _module_preset=\u00bbdefault\u00bb custom_padding=\u00bb35px||10px|35px|false|false\u00bb global_colors_info=\u00bb{}\u00bb theme_builder_area=\u00bbpost_content\u00bb]<\/p>\n<p>Unos meses despu\u00e9s el<span>\u00a0<\/span><strong>Jefe de la Polic\u00eda Municipal<\/strong>,<span>\u00a0<\/span><em><strong>Ram\u00f3n Trepat<\/strong><\/em><span>\u00a0<\/span>recib\u00eda una comunicaci\u00f3n del Presidente Internacional de la IPA, comunic\u00e1ndole que el Bureau de IPA\u00a0 se reunir\u00eda en Septiembre en<span>\u00a0<\/span><em>Answerp<\/em><span>\u00a0<\/span>(<em>B\u00e9lgica<\/em>) y que le invitaban a asistir a esta reuni\u00f3n como oyente.<\/p>\n<p>Con la autorizaci\u00f3n del Alcalde de Barcelona y con car\u00e1cter particular este Jefe asisti\u00f3 a la reuni\u00f3n, pudo efectuar las consultas pertinentes y en el momento de la votaci\u00f3n del Bureau para la elecci\u00f3n del nuevo Presidente fue invitado incluso a votar.<\/p>\n<p>El 12 de Agosto de 1958,<span>\u00a0<\/span><em><strong>Ram\u00f3n Trepat<\/strong><\/em><span>\u00a0<\/span>ya fue inscrito por los brit\u00e1nicos en su secci\u00f3n nacional con el carn\u00e9 E-1 a la espera de que pudiera organizar una <strong>secci\u00f3n I.P.A en Espa\u00f1a.<\/strong><\/p>\n<p>As\u00ed pas\u00f3 un tiempo, manteni\u00e9ndose una cierta relaci\u00f3n con <strong>I.P.A<\/strong> para casos particulares.<\/p>\n<p>[\/et_pb_text][\/et_pb_column][et_pb_column type=\u00bb2_5&#8243; _builder_version=\u00bb4.26.0&#8243; _module_preset=\u00bbdefault\u00bb global_colors_info=\u00bb{}\u00bb theme_builder_area=\u00bbpost_content\u00bb][et_pb_image src=\u00bbhttps:\/\/galicia.ipa-spain.org\/wp-content\/uploads\/sites\/3\/2024\/07\/RAMON-TREPAT-E-1.jpeg\u00bb title_text=\u00bbRAMON TREPAT\u00bb align=\u00bbcenter\u00bb _builder_version=\u00bb4.26.0&#8243; _module_preset=\u00bbdefault\u00bb custom_margin=\u00bb35px||||false|false\u00bb global_colors_info=\u00bb{}\u00bb theme_builder_area=\u00bbpost_content\u00bb][\/et_pb_image][\/et_pb_column][\/et_pb_row][et_pb_row _builder_version=\u00bb4.26.0&#8243; _module_preset=\u00bbdefault\u00bb global_colors_info=\u00bb{}\u00bb theme_builder_area=\u00bbpost_content\u00bb][et_pb_column type=\u00bb4_4&#8243; _builder_version=\u00bb4.26.0&#8243; _module_preset=\u00bbdefault\u00bb global_colors_info=\u00bb{}\u00bb theme_builder_area=\u00bbpost_content\u00bb][et_pb_text _builder_version=\u00bb4.26.0&#8243; _module_preset=\u00bbdefault\u00bb custom_margin=\u00bb0px||0px||false|false\u00bb custom_padding=\u00bb0px||0px||false|false\u00bb global_colors_info=\u00bb{}\u00bb theme_builder_area=\u00bbpost_content\u00bb]<\/p>\n<p>El 5 de Mayo de 1959 el Gobierno Civil de Barcelona, deneg\u00f3 a la<span>\u00a0<\/span><strong>Comisi\u00f3n Organizadora de la I.P.A Secci\u00f3n Espa\u00f1ola<\/strong><span>\u00a0<\/span>el poder inscribir la Asociaci\u00f3n con este nombre y el 30 de Diciembre del mismo a\u00f1o, tras una nueva solicitud argumentando que la denominaci\u00f3n era gen\u00e9rica para todas las secciones adheridas, se le reiter\u00f3 la negativa. No obstante el mismo comunicado apunt\u00f3 la posibilidad de legalizar la Asociaci\u00f3n como \u201cI.P.A Secci\u00f3n Polic\u00eda Municipal de Barcelona\u201d<\/p>\n<p>Por fin el 16 de Diciembre de 1960, el Gobierno Civil aprob\u00f3 los Estatutos presentados, una vez que estos fueron modificados con la denominaci\u00f3n impuesta y la afiliaci\u00f3n restringida a este Cuerpo.<\/p>\n<p>A pesar de estas limitaciones ni la Junta Internacional ni nosotros hicimos caso de estas condiciones y en nuestras relaciones se llam\u00f3 \u201c<strong><em>Secci\u00f3n Espa\u00f1ola<\/em><\/strong>\u201d.<\/p>\n<p>As\u00ed el<span>\u00a0<\/span><strong>15 de Mayo de 1961<\/strong><span>\u00a0<\/span>(tras solicitar permiso al Gobierno Civil para celebrar la reuni\u00f3n y abonar una tasa de 25 pesetas) se constituy\u00f3 en Barcelona, en el aula 1 de la Escuela de Polic\u00eda Municipal y con la asistencia de 53 asociados, la<span>\u00a0<\/span><strong>Asociaci\u00f3n Internacional de Polic\u00eda, Secci\u00f3n de Polic\u00eda Municipal de Barcelona<span>\u00a0<\/span><\/strong>y fue elegida la primera Junta Directiva de la Asociaci\u00f3n.<\/p>\n<p>El 24 de Mayo de 1961 el Secretario General del IEC, Arthur Troop acus\u00f3 recibo de los Estatutos y certific\u00f3 que se ajustaban a los internacionales.<\/p>\n<p><strong>El 11 de Septiembre de 1961<\/strong>, durante las sesiones del III Congreso Mundial de la I.P.A celebrado en Stuttgart (Alemania) la Secci\u00f3n fue admitida como miembro de pleno derecho de la Asociaci\u00f3n.<\/p>\n<p>Hubo de pasar mucho tiempo hasta poder descentralizar y dar a conocer al resto del Estado espa\u00f1ol y cuerpos policiales el contenido de la Asociaci\u00f3n, por razones obvias propias de momento hist\u00f3rico que atravesaba nuestro pa\u00eds, donde se pusieron muchas objeciones a la creaci\u00f3n de una asociaci\u00f3n internacional de polic\u00edas.<\/p>\n<p><em><strong>Ram\u00f3n Trepat<\/strong><\/em>, socio fundador de I.P.A Secci\u00f3n Espa\u00f1ola y que fu\u00e9 Jefe de la Polic\u00eda Municipal de Barcelona desde principios de los a\u00f1os 50 hasta 1977, muri\u00f3 el a\u00f1o 2001, a los 89 a\u00f1os de edad en Barcelona.<\/p>\n<p>En la actualidad se encuentra regulada por los criterios que refleja la\u00a0Ley de Asociaciones 1\/2002\u00a0de 22 de Marzo y al amparo de lo dispuesto en el\u00a0art\u00edculo 22 de la Constituci\u00f3n.<\/p>\n<p>La Secci\u00f3n Espa\u00f1ola figura inscrita en el\u00a0Registro Nacional de Asociaciones del Ministro del Interior con el n\u00ba 8960.<\/p>\n<p>[\/et_pb_text][\/et_pb_column][\/et_pb_row][\/et_pb_section]<\/p>\n","protected":false},"excerpt":{"rendered":"<p>Nuestra historiaHistoria de la IPA y de su fundador La Asociaci\u00f3n naci\u00f3 porque un sargento de la polic\u00eda de\u00a0Lincolnshire, Inglaterra, llamado\u00a0Arthur Troop,\u00a0quer\u00eda crear un\u00a0canal de amistad\u00a0y cooperaci\u00f3n internacional entre polic\u00edas. [&hellip;]<\/p>\n","protected":false},"author":1,"featured_media":0,"parent":0,"menu_order":0,"comment_status":"closed","ping_status":"closed","template":"","meta":{"_et_pb_use_builder":"on","_et_pb_old_content":"","_et_gb_content_width":"","footnotes":""},"class_list":["post-393492","page","type-page","status-publish","hentry"],"_links":{"self":[{"href":"https:\/\/galicia.ipa-spain.org\/es\/wp-json\/wp\/v2\/pages\/393492","targetHints":{"allow":["GET"]}}],"collection":[{"href":"https:\/\/galicia.ipa-spain.org\/es\/wp-json\/wp\/v2\/pages"}],"about":[{"href":"https:\/\/galicia.ipa-spain.org\/es\/wp-json\/wp\/v2\/types\/page"}],"author":[{"embeddable":true,"href":"https:\/\/galicia.ipa-spain.org\/es\/wp-json\/wp\/v2\/users\/1"}],"replies":[{"embeddable":true,"href":"https:\/\/galicia.ipa-spain.org\/es\/wp-json\/wp\/v2\/comments?post=393492"}],"version-history":[{"count":3,"href":"https:\/\/galicia.ipa-spain.org\/es\/wp-json\/wp\/v2\/pages\/393492\/revisions"}],"predecessor-version":[{"id":393500,"href":"https:\/\/galicia.ipa-spain.org\/es\/wp-json\/wp\/v2\/pages\/393492\/revisions\/393500"}],"wp:attachment":[{"href":"https:\/\/galicia.ipa-spain.org\/es\/wp-json\/wp\/v2\/media?parent=393492"}],"curies":[{"name":"wp","href":"https:\/\/api.w.org\/{rel}","templated":true}]}}