{"id":393484,"date":"2024-06-30T11:28:27","date_gmt":"2024-06-30T11:28:27","guid":{"rendered":"https:\/\/galicia.ipa-spain.org\/sobre-a-ipa\/"},"modified":"2024-11-10T10:01:24","modified_gmt":"2024-11-10T10:01:24","slug":"sobre-la-ipa","status":"publish","type":"page","link":"https:\/\/galicia.ipa-spain.org\/es\/sobre-la-ipa\/","title":{"rendered":"Sobre la IPA"},"content":{"rendered":"<p>[et_pb_section fb_built=\u00bb1&#8243; admin_label=\u00bbHeader\u00bb _builder_version=\u00bb4.27.0&#8243; background_color=\u00bb#0c71c3&#8243; use_background_color_gradient=\u00bbon\u00bb background_color_gradient_stops=\u00bbrgba(0,0,0,0.5) 0%|rgba(0,0,0,0.5) 100%\u00bb background_color_gradient_overlays_image=\u00bbon\u00bb background_color_gradient_start=\u00bbrgba(0,0,0,0.5)\u00bb background_color_gradient_end=\u00bbrgba(0,0,0,0.5)\u00bb background_enable_image=\u00bboff\u00bb custom_padding=\u00bb||||false|false\u00bb bottom_divider_height=\u00bb16px\u00bb global_colors_info=\u00bb{}\u00bb theme_builder_area=\u00bbpost_content\u00bb][et_pb_row _builder_version=\u00bb4.16&#8243; global_colors_info=\u00bb{}\u00bb theme_builder_area=\u00bbpost_content\u00bb][et_pb_column type=\u00bb4_4&#8243; _builder_version=\u00bb4.16&#8243; global_colors_info=\u00bb{}\u00bb theme_builder_area=\u00bbpost_content\u00bb][et_pb_text _builder_version=\u00bb4.27.2&#8243; header_font=\u00bbKanit|500|||||||\u00bb header_font_size=\u00bb2vw\u00bb header_line_height=\u00bb1.1em\u00bb background_layout=\u00bbdark\u00bb module_alignment=\u00bbcenter\u00bb header_text_align_tablet=\u00bb\u00bb header_text_align_phone=\u00bbcenter\u00bb header_text_align_last_edited=\u00bbon|phone\u00bb header_font_size_tablet=\u00bb42px\u00bb header_font_size_phone=\u00bb36px\u00bb header_font_size_last_edited=\u00bbon|desktop\u00bb locked=\u00bboff\u00bb global_colors_info=\u00bb{}\u00bb theme_builder_area=\u00bbpost_content\u00bb]<\/p>\n<h1>Sobre la IPA<\/h1>\n<p>[\/et_pb_text][\/et_pb_column][\/et_pb_row][\/et_pb_section][et_pb_section fb_built=\u00bb1&#8243; _builder_version=\u00bb4.25.1&#8243; _module_preset=\u00bbdefault\u00bb global_colors_info=\u00bb{}\u00bb theme_builder_area=\u00bbpost_content\u00bb][et_pb_row _builder_version=\u00bb4.25.2&#8243; _module_preset=\u00bbdefault\u00bb custom_padding=\u00bb4px|||||\u00bb global_colors_info=\u00bb{}\u00bb theme_builder_area=\u00bbpost_content\u00bb][et_pb_column type=\u00bb4_4&#8243; _builder_version=\u00bb4.25.2&#8243; _module_preset=\u00bbdefault\u00bb global_colors_info=\u00bb{}\u00bb theme_builder_area=\u00bbpost_content\u00bb][et_pb_text _builder_version=\u00bb4.25.2&#8243; _module_preset=\u00bbdefault\u00bb global_colors_info=\u00bb{}\u00bb theme_builder_area=\u00bbpost_content\u00bb]<\/p>\n<p><span>La\u00a0<strong>International Police Association <\/strong>es una comunidad independiente formada por miembros de diferentes servicios de polic\u00eda, tanto en activo como retirados, sin distinci\u00f3n de graduaci\u00f3n, ideolog\u00eda, sexo, raza, lengua o religi\u00f3n.<\/span><\/p>\n<p>Actualmente IPA es una Organizaci\u00f3n con estatus Consultivo Especial (con voz y voto) en el Consejo Econ\u00f3mico y Social de Naciones Unidas y con estatus Consultivo en la Organizaci\u00f3n de los Estados Americanos y la UNESCO.<\/p>\n<p>Hoy en d\u00eda IPA est\u00e1 implantada en los 5 continentes, con m\u00e1s de<span>\u00a0<\/span><span class=\"goog-text-highlight\">372.000<\/span><span>\u00a0<\/span>socios. IPA Espa\u00f1a se aproxima actualmente a los 12.000 entre los miembros de los Cuerpos Policiales dependientes tanto del Estado, como de las Comunidades Aut\u00f3nomas y las Polic\u00edas Locales.<\/p>\n<p>Su prop\u00f3sito es crear lazos de amistad y promover la cooperaci\u00f3n internacional. Asume los principios proclamados en la Declaraci\u00f3n Universal de Derechos Humanos, adoptada por las Naciones Unidas en 1948. Sus ideales incluyen el desarrollo de relaciones culturales entre sus miembros, la difusi\u00f3n de sus conocimientos y el intercambio de la experiencia profesional.<\/p>\n<p>Adem\u00e1s, busca fomentar la ayuda mutua en el \u00e1mbito social y contribuir, dentro de sus posibilidades, a la coexistencia pac\u00edfica de diferentes culturas y a la preservaci\u00f3n de la paz en el mundo.<\/p>\n<p>Pensamos que, en la era de internet, una de las mejores formas de comunicar entre s\u00ed a nuestros socios y de dar a conocer la asociaci\u00f3n a todos los dem\u00e1s es una p\u00e1gina web.<\/p>\n<p>Por ello, este portal naci\u00f3 con el ideal de llevar m\u00e1s all\u00e1 de las fronteras nuestro trabajo, nuestros objetivos y nuestra existencia.<\/p>\n<p>Queremos que estas p\u00e1ginas sean un lugar de amistad, de servicio y de cooperaci\u00f3n.<\/p>\n<p>Queremos que aqu\u00ed te sientas entre amigos, porque a todos nos une esta gran familia que es la polic\u00eda.<\/p>\n<p>S\u00e9 bienvenido\/a. Nuestra puerta est\u00e1 abierta: adelante, pues, y pasa.<\/p>\n<p>[\/et_pb_text][et_pb_image src=\u00bbhttps:\/\/galicia.ipa-spain.org\/wp-content\/uploads\/sites\/3\/2024\/11\/logosense.jpg\u00bb title_text=\u00bblogosense\u00bb align=\u00bbcenter\u00bb _builder_version=\u00bb4.27.2&#8243; _module_preset=\u00bbdefault\u00bb global_colors_info=\u00bb{}\u00bb theme_builder_area=\u00bbpost_content\u00bb][\/et_pb_image][\/et_pb_column][\/et_pb_row][\/et_pb_section]<\/p>\n","protected":false},"excerpt":{"rendered":"<p>Sobre la IPALa\u00a0International Police Association es una comunidad independiente formada por miembros de diferentes servicios de polic\u00eda, tanto en activo como retirados, sin distinci\u00f3n de graduaci\u00f3n, ideolog\u00eda, sexo, raza, lengua [&hellip;]<\/p>\n","protected":false},"author":1,"featured_media":0,"parent":0,"menu_order":0,"comment_status":"closed","ping_status":"closed","template":"","meta":{"_et_pb_use_builder":"on","_et_pb_old_content":"","_et_gb_content_width":"","footnotes":""},"class_list":["post-393484","page","type-page","status-publish","hentry"],"_links":{"self":[{"href":"https:\/\/galicia.ipa-spain.org\/es\/wp-json\/wp\/v2\/pages\/393484","targetHints":{"allow":["GET"]}}],"collection":[{"href":"https:\/\/galicia.ipa-spain.org\/es\/wp-json\/wp\/v2\/pages"}],"about":[{"href":"https:\/\/galicia.ipa-spain.org\/es\/wp-json\/wp\/v2\/types\/page"}],"author":[{"embeddable":true,"href":"https:\/\/galicia.ipa-spain.org\/es\/wp-json\/wp\/v2\/users\/1"}],"replies":[{"embeddable":true,"href":"https:\/\/galicia.ipa-spain.org\/es\/wp-json\/wp\/v2\/comments?post=393484"}],"version-history":[{"count":3,"href":"https:\/\/galicia.ipa-spain.org\/es\/wp-json\/wp\/v2\/pages\/393484\/revisions"}],"predecessor-version":[{"id":393489,"href":"https:\/\/galicia.ipa-spain.org\/es\/wp-json\/wp\/v2\/pages\/393484\/revisions\/393489"}],"wp:attachment":[{"href":"https:\/\/galicia.ipa-spain.org\/es\/wp-json\/wp\/v2\/media?parent=393484"}],"curies":[{"name":"wp","href":"https:\/\/api.w.org\/{rel}","templated":true}]}}